{"id":992,"date":"2025-04-11T09:04:47","date_gmt":"2025-04-11T09:04:47","guid":{"rendered":"https:\/\/sipsl.webs.upv.es\/?page_id=992"},"modified":"2025-04-14T08:12:40","modified_gmt":"2025-04-14T08:12:40","slug":"pildoras-informativas","status":"publish","type":"page","link":"https:\/\/sipsl.webs.upv.es\/index.php\/pildoras-informativas\/","title":{"rendered":"P\u00edldoras informativas"},"content":{"rendered":"\n<h6 class=\"wp-block-heading alignwide has-text-color has-link-color wp-elements-e3b7b7771263035a346437c1512f8cf2\" style=\"color:#d73333;margin-right:630px;margin-bottom:10px;padding-top:0;padding-right:0;padding-bottom:0;padding-left:0;font-size:clamp(14px, 0.875rem + ((1vw - 3.2px) * 0.313), 18px);font-style:normal;font-weight:400;line-height:1.2\">Documentaci\u00f3n T\u00e9cnica y Recursos \/ Divulgaci\u00f3n<\/h6>\n\n\n\n<h2 class=\"wp-block-heading alignwide has-text-color has-link-color wp-elements-568ed320299a028c8de9312d0166e498\" style=\"color:#d73333;margin-right:630px;padding-top:0;padding-right:0;padding-bottom:0;padding-left:0;font-size:clamp(18.959px, 1.185rem + ((1vw - 3.2px) * 0.863), 30px);line-height:1.2\">P\u00edldoras informativas<\/h2>\n\n\n\n<div class=\"wp-block-group alignwide has-foreground-color has-text-color has-link-color wp-elements-b4b7f816d001cdba5472cb6735f404ae is-vertical is-content-justification-left is-layout-flex wp-container-core-group-is-layout-4ef6e35c wp-block-group-is-layout-flex\" style=\"min-height:100%;margin-top:50px;margin-bottom:50px;padding-right:15.3%;padding-left:15.3%\">\n<p class=\"has-text-color has-link-color wp-elements-f6fd32899018ca93d18bd97d72da1daa\" style=\"color:#000000\"><a href=\"https:\/\/www.insst.es\/documentacion\/material-divulgativo-y-audiovisual\/carteles\/respira-hondo-equipos-proteccion-respiratoria-ano-2109\"><a href=\"https:\/\/www.prevencion10.es\/tutoriales\/?moduleId=oficinas\" target=\"_blank\" rel=\"noreferrer noopener\">Prevenci\u00f3n de riesgos laborales en la oficina.<\/a><\/a> prevencion10<\/p>\n\n\n\n<hr class=\"wp-block-separator has-text-color has-alpha-channel-opacity has-background is-style-default wp-container-content-9cfa9a5a\" style=\"margin-top:20px;margin-bottom:20px;background-color:#000000;color:#000000\"\/>\n\n\n\n<p class=\"has-text-color has-link-color wp-elements-ca6a3910c2d4dc254a24ad9c5f8b365e\" style=\"color:#000000\"><a href=\"https:\/\/www.insst.es\/documentacion\/material-divulgativo-y-audiovisual\/carteles\/2019-ano-internacional-de-tabla-periodica-ano-2019\"><br><a href=\"http:\/\/media.upv.es\/#\/portal\/video\/d34ca220-4b93-11e7-9a30-c95bce9b1265\" target=\"_blank\" rel=\"noreferrer noopener\">DEA. Desfibrilador Externo Automatizado<\/a>.<\/a> Rafael Rodr\u00edguez de Sanabria Gil (UPV)<\/p>\n\n\n\n<hr class=\"wp-block-separator has-text-color has-alpha-channel-opacity has-background is-style-default wp-container-content-9cfa9a5a\" style=\"margin-top:20px;margin-bottom:20px;background-color:#000000;color:#000000\"\/>\n\n\n\n<p class=\"has-text-color has-link-color wp-elements-c58af10037157bacf905a214e7ee5f6c\" style=\"color:#000000\"><a href=\"https:\/\/www.insst.es\/documentacion\/material-divulgativo-y-audiovisual\/carteles\/seguridad-sera-tu-mejor-cosecha-ano-2019\"><a href=\"https:\/\/media.upv.es\/#\/portal\/video\/7ff4f94d-6e9b-574c-a3b1-33cfffb3b8b9\" target=\"_blank\" rel=\"noreferrer noopener\">RCP. Reanimaci\u00f3n Cariopulmonar B\u00e1sica.<\/a><\/a> Rafael Rodr\u00edguez de Sanabria Gil y Jos\u00e9 Antonio Marzal Sorolla (UPV)<\/p>\n\n\n\n<hr class=\"wp-block-separator has-text-color has-alpha-channel-opacity has-background is-style-default wp-container-content-9cfa9a5a\" style=\"margin-top:20px;margin-bottom:20px;background-color:#000000;color:#000000\"\/>\n<\/div>\n","protected":false},"excerpt":{"rendered":"<p>Documentaci\u00f3n T\u00e9cnica y Recursos \/ Divulgaci\u00f3n P\u00edldoras informativas Prevenci\u00f3n de riesgos laborales en la oficina. prevencion10 DEA. Desfibrilador Externo Automatizado. Rafael Rodr\u00edguez de Sanabria Gil (UPV) RCP. Reanimaci\u00f3n Cariopulmonar B\u00e1sica. Rafael Rodr\u00edguez de Sanabria Gil y Jos\u00e9 Antonio Marzal Sorolla (UPV)<\/p>\n","protected":false},"author":1,"featured_media":0,"parent":0,"menu_order":0,"comment_status":"closed","ping_status":"closed","template":"","meta":{"_eb_attr":"","om_disable_all_campaigns":false,"_monsterinsights_skip_tracking":false,"_monsterinsights_sitenote_active":false,"_monsterinsights_sitenote_note":"","_monsterinsights_sitenote_category":0,"footnotes":""},"class_list":["post-992","page","type-page","status-publish","hentry"],"aioseo_notices":[],"_links":{"self":[{"href":"https:\/\/sipsl.webs.upv.es\/index.php\/wp-json\/wp\/v2\/pages\/992","targetHints":{"allow":["GET"]}}],"collection":[{"href":"https:\/\/sipsl.webs.upv.es\/index.php\/wp-json\/wp\/v2\/pages"}],"about":[{"href":"https:\/\/sipsl.webs.upv.es\/index.php\/wp-json\/wp\/v2\/types\/page"}],"author":[{"embeddable":true,"href":"https:\/\/sipsl.webs.upv.es\/index.php\/wp-json\/wp\/v2\/users\/1"}],"replies":[{"embeddable":true,"href":"https:\/\/sipsl.webs.upv.es\/index.php\/wp-json\/wp\/v2\/comments?post=992"}],"version-history":[{"count":3,"href":"https:\/\/sipsl.webs.upv.es\/index.php\/wp-json\/wp\/v2\/pages\/992\/revisions"}],"predecessor-version":[{"id":1010,"href":"https:\/\/sipsl.webs.upv.es\/index.php\/wp-json\/wp\/v2\/pages\/992\/revisions\/1010"}],"wp:attachment":[{"href":"https:\/\/sipsl.webs.upv.es\/index.php\/wp-json\/wp\/v2\/media?parent=992"}],"curies":[{"name":"wp","href":"https:\/\/api.w.org\/{rel}","templated":true}]}}