{"id":986,"date":"2025-04-11T09:03:03","date_gmt":"2025-04-11T09:03:03","guid":{"rendered":"https:\/\/sipsl.webs.upv.es\/?page_id=986"},"modified":"2025-04-11T09:21:17","modified_gmt":"2025-04-11T09:21:17","slug":"folletos","status":"publish","type":"page","link":"https:\/\/sipsl.webs.upv.es\/index.php\/folletos\/","title":{"rendered":"Folletos"},"content":{"rendered":"\n<h6 class=\"wp-block-heading alignwide has-text-color has-link-color wp-elements-e3b7b7771263035a346437c1512f8cf2\" style=\"color:#d73333;margin-right:630px;margin-bottom:10px;padding-top:0;padding-right:0;padding-bottom:0;padding-left:0;font-size:clamp(14px, 0.875rem + ((1vw - 3.2px) * 0.313), 18px);font-style:normal;font-weight:400;line-height:1.2\">Documentaci\u00f3n T\u00e9cnica y Recursos \/ Divulgaci\u00f3n<\/h6>\n\n\n\n<h2 class=\"wp-block-heading alignwide has-text-color has-link-color wp-elements-99c18f1cf658610f1657c47deb910c05\" style=\"color:#d73333;margin-right:630px;padding-top:0;padding-right:0;padding-bottom:0;padding-left:0;font-size:clamp(18.959px, 1.185rem + ((1vw - 3.2px) * 0.863), 30px);line-height:1.2\">Folletos<\/h2>\n\n\n\n<div class=\"wp-block-group alignwide has-foreground-color has-text-color has-link-color wp-elements-eed694f4f4399c5483c9c90bef744b53 is-vertical is-content-justification-left is-layout-flex wp-container-core-group-is-layout-4ef6e35c wp-block-group-is-layout-flex\" style=\"min-height:100%;margin-top:50px;margin-bottom:50px;padding-right:15.3%;padding-left:15.3%\">\n<p class=\"has-text-color has-link-color wp-elements-06cce4a9a94de33cab310c9b86a6469c\" style=\"color:#000000\"><a href=\"https:\/\/www.sprl.upv.es\/proc_actuacion\/Manual%20preventivo%20para%20actuaci\u00f3n%20en%20caso%20de%20fugas%20y%20vertidos%20en%20laboratorios.pdf\" target=\"_blank\" rel=\"noreferrer noopener\"><\/a><a href=\"https:\/\/www.insst.es\/documentacion\/material-divulgativo-y-audiovisual\/carteles\/respira-hondo-equipos-proteccion-respiratoria-ano-2109\" target=\"_blank\" rel=\"noreferrer noopener\"><a href=\"https:\/\/www.insst.es\/documentacion\/material-divulgativo-y-audiovisual\/folletos\/muestreo-materia-particulada-cuidado-que-se-cuela-por-la-nariz-ano-2019\">Muestreo de materia particulada: \u00a1cuidado!, que se cuela por la nariz \u2013 INSST 2019<\/a><\/a><\/p>\n\n\n\n<hr class=\"wp-block-separator has-text-color has-alpha-channel-opacity has-background is-style-default wp-container-content-9cfa9a5a\" style=\"margin-top:20px;margin-bottom:20px;background-color:#000000;color:#000000\"\/>\n\n\n\n<p class=\"has-text-color has-link-color wp-elements-411e04295c74763a9069b460438a1921\" style=\"color:#000000\"><a href=\"https:\/\/www.sprl.upv.es\/proc_actuacion\/Procedim%20de%20actuaci\u00f3n%20utilizaci\u00f3n%20Kit%20de%20recogida%20de%20vertidos.pdf\" target=\"_blank\" rel=\"noreferrer noopener\"><\/a><a href=\"https:\/\/www.insst.es\/documentacion\/material-divulgativo-y-audiovisual\/carteles\/2019-ano-internacional-de-tabla-periodica-ano-2019\" target=\"_blank\" rel=\"noreferrer noopener\"><a href=\"https:\/\/www.insst.es\/documentacion\/material-divulgativo-y-audiovisual\/carteles\/respira-hondo-equipos-proteccion-respiratoria-ano-2109\">Respira hondo. Equipos de protecci\u00f3n respiratoria. INSST 2019<\/a><\/a><\/p>\n\n\n\n<hr class=\"wp-block-separator has-text-color has-alpha-channel-opacity has-background is-style-default wp-container-content-9cfa9a5a\" style=\"margin-top:20px;margin-bottom:20px;background-color:#000000;color:#000000\"\/>\n\n\n\n<p class=\"has-text-color has-link-color wp-elements-ea5a17f48279c73673cce4b840183f1d\" style=\"color:#000000\"><a href=\"https:\/\/www.sprl.upv.es\/proc_actuacion\/NORMAS%20GENERALES%20DE%20EVACUACI\u00d3N.pdf\" target=\"_blank\" rel=\"noreferrer noopener\"><\/a><a href=\"https:\/\/www.insst.es\/documentacion\/material-divulgativo-y-audiovisual\/carteles\/seguridad-sera-tu-mejor-cosecha-ano-2019\" target=\"_blank\" rel=\"noreferrer noopener\"><a href=\"https:\/\/www.insst.es\/documentacion\/material-divulgativo-y-audiovisual\/folletos\/equipos-proteccion-individual-contra-caidas-altura-ano-2018\">Equipos de protecci\u00f3n individual contra ca\u00eddas de altura \u2013 INSST 2018<\/a><\/a><\/p>\n\n\n\n<hr class=\"wp-block-separator has-text-color has-alpha-channel-opacity has-background is-style-default wp-container-content-9cfa9a5a\" style=\"margin-top:20px;margin-bottom:20px;background-color:#000000;color:#000000\"\/>\n\n\n\n<p class=\"has-text-color has-link-color wp-elements-e7b9f0ee8849452c04d09c5ee3b2ad14\" style=\"color:#000000\"><a href=\"https:\/\/www.sprl.upv.es\/proc_actuacion\/NORMAS%20GENERALES%20DE%20EVACUACI\u00d3N.pdf\" target=\"_blank\" rel=\"noreferrer noopener\"><\/a><a href=\"https:\/\/www.insst.es\/documentacion\/material-divulgativo-y-audiovisual\/carteles\/seguridad-sera-tu-mejor-cosecha-ano-2019\" target=\"_blank\" rel=\"noreferrer noopener\"><a href=\"https:\/\/www.insst.es\/documentacion\/material-divulgativo-y-audiovisual\/folletos\/equipos-proteccion-individual-contra-caidas-altura-ano-2018\"><a href=\"https:\/\/www.insst.es\/documents\/94886\/375493\/Tr%C3%ADptico+Es+estresante+mi+trabajo+-+A%C3%B1o+2011+(en+cat%C3%A1logo)\">\u00bfEs estresante mi trabajo?. INSHT 2011<\/a><\/a><\/a><\/p>\n\n\n\n<hr class=\"wp-block-separator has-text-color has-alpha-channel-opacity has-background is-style-default wp-container-content-9cfa9a5a\" style=\"margin-top:20px;margin-bottom:20px;background-color:#000000;color:#000000\"\/>\n<\/div>\n","protected":false},"excerpt":{"rendered":"<p>Documentaci\u00f3n T\u00e9cnica y Recursos \/ Divulgaci\u00f3n Folletos Muestreo de materia particulada: \u00a1cuidado!, que se cuela por la nariz \u2013 INSST 2019 Respira hondo. Equipos de protecci\u00f3n respiratoria. INSST 2019 Equipos de protecci\u00f3n individual contra ca\u00eddas de altura \u2013 INSST 2018 \u00bfEs estresante mi trabajo?. INSHT 2011<\/p>\n","protected":false},"author":1,"featured_media":0,"parent":0,"menu_order":0,"comment_status":"closed","ping_status":"closed","template":"","meta":{"_eb_attr":"","om_disable_all_campaigns":false,"_monsterinsights_skip_tracking":false,"_monsterinsights_sitenote_active":false,"_monsterinsights_sitenote_note":"","_monsterinsights_sitenote_category":0,"footnotes":""},"class_list":["post-986","page","type-page","status-publish","hentry"],"aioseo_notices":[],"_links":{"self":[{"href":"https:\/\/sipsl.webs.upv.es\/index.php\/wp-json\/wp\/v2\/pages\/986","targetHints":{"allow":["GET"]}}],"collection":[{"href":"https:\/\/sipsl.webs.upv.es\/index.php\/wp-json\/wp\/v2\/pages"}],"about":[{"href":"https:\/\/sipsl.webs.upv.es\/index.php\/wp-json\/wp\/v2\/types\/page"}],"author":[{"embeddable":true,"href":"https:\/\/sipsl.webs.upv.es\/index.php\/wp-json\/wp\/v2\/users\/1"}],"replies":[{"embeddable":true,"href":"https:\/\/sipsl.webs.upv.es\/index.php\/wp-json\/wp\/v2\/comments?post=986"}],"version-history":[{"count":3,"href":"https:\/\/sipsl.webs.upv.es\/index.php\/wp-json\/wp\/v2\/pages\/986\/revisions"}],"predecessor-version":[{"id":1003,"href":"https:\/\/sipsl.webs.upv.es\/index.php\/wp-json\/wp\/v2\/pages\/986\/revisions\/1003"}],"wp:attachment":[{"href":"https:\/\/sipsl.webs.upv.es\/index.php\/wp-json\/wp\/v2\/media?parent=986"}],"curies":[{"name":"wp","href":"https:\/\/api.w.org\/{rel}","templated":true}]}}