{"id":978,"date":"2025-04-11T08:56:42","date_gmt":"2025-04-11T08:56:42","guid":{"rendered":"https:\/\/sipsl.webs.upv.es\/?page_id=978"},"modified":"2025-04-16T18:16:49","modified_gmt":"2025-04-16T18:16:49","slug":"fichas-de-seguridad","status":"publish","type":"page","link":"https:\/\/sipsl.webs.upv.es\/index.php\/fichas-de-seguridad\/","title":{"rendered":"Fichas de seguridad"},"content":{"rendered":"\n<h6 class=\"wp-block-heading alignwide has-text-color has-link-color wp-elements-6d1d41bb64565ee253126ab74c220925\" style=\"color:#d73333;margin-right:630px;margin-bottom:10px;padding-top:0;padding-right:0;padding-bottom:0;padding-left:0;font-size:clamp(14px, 0.875rem + ((1vw - 3.2px) * 0.313), 18px);font-style:normal;font-weight:400;line-height:1.2\">Documentaci\u00f3n T\u00e9cnica y Recursos<\/h6>\n\n\n\n<h2 class=\"wp-block-heading alignwide has-text-color has-link-color wp-elements-109fbd803d195318d39c7ec35fd50a35\" style=\"color:#d73333;margin-right:630px;padding-top:0;padding-right:0;padding-bottom:0;padding-left:0;font-size:clamp(18.959px, 1.185rem + ((1vw - 3.2px) * 0.863), 30px);line-height:1.2\">Fichas de seguridad<\/h2>\n\n\n\n<div class=\"wp-block-group alignwide has-foreground-color has-text-color has-link-color wp-elements-66b243405aab2c88510502b4d96f5e33 is-vertical is-content-justification-left is-nowrap is-layout-flex wp-container-core-group-is-layout-870a0e2f wp-block-group-is-layout-flex\" style=\"min-height:100%;margin-top:50px;margin-bottom:50px;padding-right:15.3%;padding-left:15.3%\">\n<details class=\"wp-block-details has-text-color has-link-color wp-elements-dba0460c3db809b918d83d80a22f124a is-layout-flow wp-block-details-is-layout-flow\" style=\"color:#000000;margin-right:0%;margin-left:0%;font-style:normal;font-weight:500\"><summary>Fichas de seguridad equipos laboratorio qu\u00edmico\u2028<\/summary>\n<p class=\"has-text-color has-link-color wp-elements-3efb25b44f04bc3b870f3075fd558ccd\" style=\"color:#000000;margin-top:15px\"><a href=\"https:\/\/sipsl.webs.upv.es\/wp-content\/uploads\/2025\/04\/Ficha-Autoclave.pdf\">Autoclave<\/a><\/p>\n\n\n\n<hr class=\"wp-block-separator has-text-color has-alpha-channel-opacity has-background is-style-default wp-container-content-9cfa9a5a\" style=\"margin-top:20px;margin-bottom:20px;background-color:#000000;color:#000000\"\/>\n\n\n\n<p class=\"has-text-color has-link-color wp-elements-01eb0991dd032f448361fcd879f9f53c\" style=\"color:#000000\"><a href=\"https:\/\/sipsl.webs.upv.es\/wp-content\/uploads\/2025\/04\/Ficha-Bano-caliente.pdf\" target=\"_blank\" rel=\"noopener\" title=\"\">Ba\u00f1o caliente<\/a><\/p>\n\n\n\n<hr class=\"wp-block-separator has-text-color has-alpha-channel-opacity has-background is-style-default\" style=\"margin-top:20px;margin-bottom:20px;background-color:#000000;color:#000000\"\/>\n\n\n\n<p class=\"has-text-color has-link-color wp-elements-4b5b301a90cc36dbcf69ba578c5a5ba6\" style=\"color:#000000\"><a href=\"https:\/\/sipsl.webs.upv.es\/wp-content\/uploads\/2025\/04\/Ficha-Bano-de-agua-caliente.pdf\">Ba\u00f1o de agua caliente<\/a><\/p>\n\n\n\n<hr class=\"wp-block-separator has-text-color has-alpha-channel-opacity has-background is-style-default wp-container-content-9cfa9a5a\" style=\"margin-top:20px;margin-bottom:20px;background-color:#000000;color:#000000\"\/>\n\n\n\n<p class=\"has-text-color has-link-color wp-elements-750abb43f8f43dfa29268f1151b0f55a\" style=\"color:#000000\"><a href=\"https:\/\/sipsl.webs.upv.es\/wp-content\/uploads\/2025\/04\/Ficha-Bano-de-arena.pdf\">Ba\u00f1o de arena<\/a><\/p>\n\n\n\n<hr class=\"wp-block-separator has-text-color has-alpha-channel-opacity has-background is-style-default\" style=\"margin-top:20px;margin-bottom:20px;background-color:#000000;color:#000000\"\/>\n\n\n\n<p class=\"has-text-color has-link-color wp-elements-1d3cba00803de3e2c363c13b3138c85d\" style=\"color:#000000\"><a href=\"https:\/\/sipsl.webs.upv.es\/wp-content\/uploads\/2025\/04\/Ficha-Bano-frio.pdf\">Ba\u00f1o fr\u00edo<\/a><\/p>\n\n\n\n<hr class=\"wp-block-separator has-text-color has-alpha-channel-opacity has-background is-style-default wp-container-content-9cfa9a5a\" style=\"margin-top:20px;margin-bottom:20px;background-color:#000000;color:#000000\"\/>\n\n\n\n<p class=\"has-text-color has-link-color wp-elements-10b210276f1df4b771d6b2b9633f1a53\" style=\"color:#000000\"><a href=\"https:\/\/sipsl.webs.upv.es\/wp-content\/uploads\/2025\/04\/Ficha-Bano-ultrasonidos.pdf\">Ba\u00f1o ultransonidos<\/a><\/p>\n\n\n\n<hr class=\"wp-block-separator has-text-color has-alpha-channel-opacity has-background is-style-default\" style=\"margin-top:20px;margin-bottom:20px;background-color:#000000;color:#000000\"\/>\n\n\n\n<p class=\"has-text-color has-link-color wp-elements-4e93988f6399847b2e35a0b0a3eb4a16\" style=\"color:#000000\"><a href=\"https:\/\/sipsl.webs.upv.es\/wp-content\/uploads\/2025\/04\/Ficha-Centrifuga-de-tubos.pdf\">Centr\u00edfuga de tubos<\/a><\/p>\n\n\n\n<hr class=\"wp-block-separator has-text-color has-alpha-channel-opacity has-background is-style-default wp-container-content-9cfa9a5a\" style=\"margin-top:20px;margin-bottom:20px;background-color:#000000;color:#000000\"\/>\n\n\n\n<p class=\"has-text-color has-link-color wp-elements-995b6f4b60998a2a8f1dfaa552c96465\" style=\"color:#000000\"><a href=\"https:\/\/sipsl.webs.upv.es\/wp-content\/uploads\/2025\/04\/Ficha-Centrifuga-eppendorf.pdf\">Centr\u00edfuga eppendorf<\/a><\/p>\n\n\n\n<hr class=\"wp-block-separator has-text-color has-alpha-channel-opacity has-background is-style-default\" style=\"margin-top:20px;margin-bottom:20px;background-color:#000000;color:#000000\"\/>\n\n\n\n<p class=\"has-text-color has-link-color wp-elements-6d5d6a509d55b0a12f7fa4fc5fce65bf\" style=\"color:#000000\"><a href=\"https:\/\/sipsl.webs.upv.es\/wp-content\/uploads\/2025\/04\/Ficha-conductimetro.pdf\">Conduct\u00edmetro<\/a><\/p>\n\n\n\n<hr class=\"wp-block-separator has-text-color has-alpha-channel-opacity has-background is-style-default wp-container-content-9cfa9a5a\" style=\"margin-top:20px;margin-bottom:20px;background-color:#000000;color:#000000\"\/>\n\n\n\n<p class=\"has-text-color has-link-color wp-elements-d505cb79ab23b4a0c826a28aa270f219\" style=\"color:#000000\"><a href=\"https:\/\/sipsl.webs.upv.es\/wp-content\/uploads\/2025\/04\/Ficha-Congelador-80oC.pdf\">Congelador -80C<\/a><\/p>\n\n\n\n<hr class=\"wp-block-separator has-text-color has-alpha-channel-opacity has-background is-style-default\" style=\"margin-top:20px;margin-bottom:20px;background-color:#000000;color:#000000\"\/>\n\n\n\n<p class=\"has-text-color has-link-color wp-elements-e1a1a5cd0ec30d5e738ffebb140bc00a\" style=\"color:#000000\"><a href=\"https:\/\/sipsl.webs.upv.es\/wp-content\/uploads\/2025\/04\/Ficha-DEWAR-de-nitrogeno-liquido.pdf\">Dewar nitr\u00f3geno l\u00edquido<\/a><\/p>\n\n\n\n<hr class=\"wp-block-separator has-text-color has-alpha-channel-opacity has-background is-style-default wp-container-content-9cfa9a5a\" style=\"margin-top:20px;margin-bottom:20px;background-color:#000000;color:#000000\"\/>\n\n\n\n<p class=\"has-text-color has-link-color wp-elements-a2567d47150de59012ebfc1820dbb2eb\" style=\"color:#000000\"><a href=\"https:\/\/sipsl.webs.upv.es\/wp-content\/uploads\/2025\/04\/Ficha-Estufa-de-CO2-de-cultivo.pdf\">Estufa CO2 cultivo<\/a><\/p>\n\n\n\n<hr class=\"wp-block-separator has-text-color has-alpha-channel-opacity has-background is-style-default\" style=\"margin-top:20px;margin-bottom:20px;background-color:#000000;color:#000000\"\/>\n\n\n\n<p class=\"has-text-color has-link-color wp-elements-44aacca044dc97ad74c3663b293d41e3\" style=\"color:#000000\"><a href=\"https:\/\/sipsl.webs.upv.es\/wp-content\/uploads\/2025\/04\/Ficha-Estufa_Mufla.pdf\">Estufa Mufla<\/a><\/p>\n\n\n\n<hr class=\"wp-block-separator has-text-color has-alpha-channel-opacity has-background is-style-default wp-container-content-9cfa9a5a\" style=\"margin-top:20px;margin-bottom:20px;background-color:#000000;color:#000000\"\/>\n\n\n\n<p class=\"has-text-color has-link-color wp-elements-243877ff24324fb56f73db8b77dc8976\" style=\"color:#000000\"><a href=\"https:\/\/sipsl.webs.upv.es\/wp-content\/uploads\/2025\/04\/Ficha-Mechero-BUNSEN.pdf\">Mechero Bunsen<\/a><\/p>\n\n\n\n<hr class=\"wp-block-separator has-text-color has-alpha-channel-opacity has-background is-style-default\" style=\"margin-top:20px;margin-bottom:20px;background-color:#000000;color:#000000\"\/>\n\n\n\n<p class=\"has-text-color has-link-color wp-elements-64d0aad965a08e2fd53dfdc7f7553a16\" style=\"color:#000000\"><a href=\"https:\/\/sipsl.webs.upv.es\/wp-content\/uploads\/2025\/04\/Ficha-Placa-calefactora.pdf\">Placa calefactora<\/a><\/p>\n\n\n\n<hr class=\"wp-block-separator has-text-color has-alpha-channel-opacity has-background is-style-default wp-container-content-9cfa9a5a\" style=\"margin-top:20px;margin-bottom:20px;background-color:#000000;color:#000000\"\/>\n\n\n\n<p class=\"has-text-color has-link-color wp-elements-1a40e198d3ba198373a77133be00803a\" style=\"color:#000000\"><a href=\"https:\/\/sipsl.webs.upv.es\/wp-content\/uploads\/2025\/04\/Ficha-Rotavapor.pdf\">Rotavapor<\/a><\/p>\n\n\n\n<hr class=\"wp-block-separator has-text-color has-alpha-channel-opacity has-background is-style-default\" style=\"margin-top:20px;margin-bottom:20px;background-color:#000000;color:#000000\"\/>\n\n\n\n<p class=\"has-text-color has-link-color wp-elements-efef36ef767020b5859a718ca53598b9\" style=\"color:#000000\"><a href=\"https:\/\/sipsl.webs.upv.es\/wp-content\/uploads\/2025\/04\/Ficha-Termoblock.pdf\">Termoblock<\/a><\/p>\n\n\n\n<hr class=\"wp-block-separator has-text-color has-alpha-channel-opacity has-background is-style-default\" style=\"margin-top:20px;margin-bottom:20px;background-color:#000000;color:#000000\"\/>\n\n\n\n<p class=\"has-text-color has-link-color wp-elements-6502b9530c0f2663428b5a3b9947ff7c\" style=\"color:#000000\"><a href=\"https:\/\/sipsl.webs.upv.es\/wp-content\/uploads\/2025\/04\/Ficha-Termociclador-PCR.pdf\">Termociclador PCR<\/a><\/p>\n\n\n\n<hr class=\"wp-block-separator has-text-color has-alpha-channel-opacity has-background is-style-default wp-container-content-9cfa9a5a\" style=\"margin-top:20px;margin-bottom:20px;background-color:#000000;color:#000000\"\/>\n\n\n\n<p class=\"has-text-color has-link-color wp-elements-d0ee8233a1f03d85c06c31063c898250\" style=\"color:#000000\"><a href=\"https:\/\/sipsl.webs.upv.es\/wp-content\/uploads\/2025\/04\/Ficha-Vortex.pdf\">Vortex<\/a><\/p>\n\n\n\n<hr class=\"wp-block-separator has-text-color has-alpha-channel-opacity has-background is-style-default\" style=\"margin-top:20px;margin-bottom:20px;background-color:#000000;color:#000000\"\/>\n<\/details>\n\n\n\n<details class=\"wp-block-details has-text-color has-link-color wp-elements-2cb784ec560b48842983bcf539398231 is-layout-flow wp-block-details-is-layout-flow\" style=\"color:#000000;font-style:normal;font-weight:500\"><summary>Fichas de seguridad Equipos Mec\u00e1nicos y de Taller\u2028<\/summary>\n<p class=\"has-text-color has-link-color wp-elements-75bb93d79e1c61c83d7dae8cbb9188f8\" style=\"color:#000000;margin-top:15px\"><a href=\"https:\/\/sipsl.webs.upv.es\/wp-content\/uploads\/2025\/04\/Ficha-Amoladora.pdf\">Amoladora<\/a><\/p>\n\n\n\n<hr class=\"wp-block-separator has-text-color has-alpha-channel-opacity has-background is-style-default wp-container-content-9cfa9a5a\" style=\"margin-top:20px;margin-bottom:20px;background-color:#000000;color:#000000\"\/>\n\n\n\n<p class=\"has-text-color has-link-color wp-elements-6532ef1a731349315fc3e98ff07d1d01\" style=\"color:#000000\"><a href=\"https:\/\/sipsl.webs.upv.es\/wp-content\/uploads\/2025\/04\/Ficha-Cizalla-electrica.pdf\">Cizalla el\u00e9ctrica<\/a><\/p>\n\n\n\n<hr class=\"wp-block-separator has-text-color has-alpha-channel-opacity has-background is-style-default\" style=\"margin-top:20px;margin-bottom:20px;background-color:#000000;color:#000000\"\/>\n\n\n\n<p class=\"has-text-color has-link-color wp-elements-eefc17d3010a05158d4116e00c9c587f\" style=\"color:#000000\"><a href=\"https:\/\/sipsl.webs.upv.es\/wp-content\/uploads\/2025\/04\/Ficha-Cizalla-manual.pdf\">Cizalla mec\u00e1nica<\/a><\/p>\n\n\n\n<hr class=\"wp-block-separator has-text-color has-alpha-channel-opacity has-background is-style-default wp-container-content-9cfa9a5a\" style=\"margin-top:20px;margin-bottom:20px;background-color:#000000;color:#000000\"\/>\n\n\n\n<p class=\"has-text-color has-link-color wp-elements-b862c65d0c1e7827320d0e74f48bc7cc\" style=\"color:#000000\"><a href=\"https:\/\/sipsl.webs.upv.es\/wp-content\/uploads\/2025\/04\/Ficha-Curvadora-manual.pdf\">Curvadora manual<\/a><\/p>\n\n\n\n<hr class=\"wp-block-separator has-text-color has-alpha-channel-opacity has-background is-style-default\" style=\"margin-top:20px;margin-bottom:20px;background-color:#000000;color:#000000\"\/>\n\n\n\n<p class=\"has-text-color has-link-color wp-elements-5392db17211b0b6cac45de9c62294b49\" style=\"color:#000000\"><a href=\"https:\/\/sipsl.webs.upv.es\/wp-content\/uploads\/2025\/04\/Ficha-Dobladora-de-chapa.pdf\">Dobladora de chapa<\/a><\/p>\n\n\n\n<hr class=\"wp-block-separator has-text-color has-alpha-channel-opacity has-background is-style-default wp-container-content-9cfa9a5a\" style=\"margin-top:20px;margin-bottom:20px;background-color:#000000;color:#000000\"\/>\n\n\n\n<p class=\"has-text-color has-link-color wp-elements-d0656b2a89c8a3f58b6763a598a7e50f\" style=\"color:#000000\"><a href=\"https:\/\/sipsl.webs.upv.es\/wp-content\/uploads\/2025\/04\/Ficha-Electroesmeriladora-o-Lijadora-de-banda-y-plato.pdf\">Electroesmeriladora o lijadora de banda y plato<\/a><\/p>\n\n\n\n<hr class=\"wp-block-separator has-text-color has-alpha-channel-opacity has-background is-style-default\" style=\"margin-top:20px;margin-bottom:20px;background-color:#000000;color:#000000\"\/>\n\n\n\n<p class=\"has-text-color has-link-color wp-elements-9d2a460d3211f41ddfcbe2dfb359203d\" style=\"color:#000000\"><a href=\"https:\/\/sipsl.webs.upv.es\/wp-content\/uploads\/2025\/04\/Ficha-Fresadora-CNC.pdf\">Fresadora CNC<\/a><\/p>\n\n\n\n<hr class=\"wp-block-separator has-text-color has-alpha-channel-opacity has-background is-style-default wp-container-content-9cfa9a5a\" style=\"margin-top:20px;margin-bottom:20px;background-color:#000000;color:#000000\"\/>\n\n\n\n<p class=\"has-text-color has-link-color wp-elements-94eac39d800bec1878bf3655bc3c63d4\" style=\"color:#000000\"><a href=\"https:\/\/sipsl.webs.upv.es\/wp-content\/uploads\/2025\/04\/Ficha-Pulidora.pdf\">Pulidora<\/a><\/p>\n\n\n\n<hr class=\"wp-block-separator has-text-color has-alpha-channel-opacity has-background is-style-default\" style=\"margin-top:20px;margin-bottom:20px;background-color:#000000;color:#000000\"\/>\n\n\n\n<p class=\"has-text-color has-link-color wp-elements-04f0d8feba7051c2d77beac5bedd8fa4\" style=\"color:#000000\"><a href=\"https:\/\/sipsl.webs.upv.es\/wp-content\/uploads\/2025\/04\/Ficha-Sierra-circular-de-mesa-madera.pdf\">Sierra circular de mesa de madera<\/a><\/p>\n\n\n\n<hr class=\"wp-block-separator has-text-color has-alpha-channel-opacity has-background is-style-default wp-container-content-9cfa9a5a\" style=\"margin-top:20px;margin-bottom:20px;background-color:#000000;color:#000000\"\/>\n\n\n\n<p class=\"has-text-color has-link-color wp-elements-4718a54047d2e79770123fd46a62cebe\" style=\"color:#000000\"><a href=\"https:\/\/sipsl.webs.upv.es\/wp-content\/uploads\/2025\/04\/Ficha-Sierra-de-cinta-madera.pdf\">Sierra de cinta de madera<\/a><\/p>\n\n\n\n<hr class=\"wp-block-separator has-text-color has-alpha-channel-opacity has-background is-style-default wp-container-content-9cfa9a5a\" style=\"margin-top:20px;margin-bottom:20px;background-color:#000000;color:#000000\"\/>\n\n\n\n<p class=\"has-text-color has-link-color wp-elements-1cfeb2c121325b8e6d562f6cb97216d1\" style=\"color:#000000\"><a href=\"https:\/\/sipsl.webs.upv.es\/wp-content\/uploads\/2025\/04\/Ficha-Taladro-de-columna.pdf\">Taladro de columna<\/a><\/p>\n\n\n\n<hr class=\"wp-block-separator has-text-color has-alpha-channel-opacity has-background is-style-default\" style=\"margin-top:20px;margin-bottom:20px;background-color:#000000;color:#000000\"\/>\n\n\n\n<p class=\"has-text-color has-link-color wp-elements-915a29cf10420c6f94d0f65dbeb7845f\" style=\"color:#000000\"><a href=\"https:\/\/sipsl.webs.upv.es\/wp-content\/uploads\/2025\/04\/Ficha-Torno-CNC.pdf\">Torno CNC<\/a><\/p>\n\n\n\n<hr class=\"wp-block-separator has-text-color has-alpha-channel-opacity has-background is-style-default wp-container-content-9cfa9a5a\" style=\"margin-top:20px;margin-bottom:20px;background-color:#000000;color:#000000\"\/>\n\n\n\n<p class=\"has-text-color has-link-color wp-elements-96beaf342c2b04d3aa8a6f31d7f7f2b0\" style=\"color:#000000\"><a href=\"https:\/\/sipsl.webs.upv.es\/wp-content\/uploads\/2025\/04\/Ficha-Torno.pdf\">Torno<\/a><\/p>\n\n\n\n<hr class=\"wp-block-separator has-text-color has-alpha-channel-opacity has-background is-style-default\" style=\"margin-top:20px;margin-bottom:20px;background-color:#000000;color:#000000\"\/>\n\n\n\n<p class=\"has-text-color has-link-color wp-elements-2cbdc9f813aadba2511b584f1af0e76b\" style=\"color:#000000\"><a href=\"https:\/\/sipsl.webs.upv.es\/wp-content\/uploads\/2025\/04\/Ficha-Tronzadora.pdf\">Tronzadora<\/a><\/p>\n\n\n\n<hr class=\"wp-block-separator has-text-color has-alpha-channel-opacity has-background is-style-default wp-container-content-9cfa9a5a\" style=\"margin-top:20px;margin-bottom:20px;background-color:#000000;color:#000000\"\/>\n\n\n\n<p class=\"has-text-color has-link-color wp-elements-69eb27781594986d601ecdd544ebd74b\" style=\"color:#000000\"><a href=\"https:\/\/sipsl.webs.upv.es\/wp-content\/uploads\/2025\/04\/Ficha-Tupi.pdf\">Tupi<\/a><\/p>\n\n\n\n<hr class=\"wp-block-separator has-text-color has-alpha-channel-opacity has-background is-style-default wp-container-content-9cfa9a5a\" style=\"margin-top:20px;margin-bottom:20px;background-color:#000000;color:#000000\"\/>\n<\/details>\n\n\n\n<p class=\"has-text-color has-link-color wp-elements-80b56cb573bce32da2fbbc887734350d\" style=\"color:#000000;margin-top:15px\"><a href=\"https:\/\/sipsl.webs.upv.es\/wp-content\/uploads\/2025\/04\/Instruccion-basica-para-manipular-formaldehido.pdf\">Formaldeh\u00eddo : instrucci\u00f3n b\u00e1sica para su manipulaci\u00f3n (2017)<\/a><\/p>\n\n\n\n<hr class=\"wp-block-separator has-text-color has-alpha-channel-opacity has-background is-style-default wp-container-content-9cfa9a5a\" style=\"margin-top:20px;margin-bottom:20px;background-color:#000000;color:#000000\"\/>\n\n\n\n<p class=\"has-text-color has-link-color wp-elements-f50dc970f32bc92930af38f2a03f6ef8\" style=\"color:#000000;margin-top:0px\"><br><a href=\"https:\/\/sipsl.webs.upv.es\/wp-content\/uploads\/2025\/04\/Ficha-de-proteccion-y-prevencion-de-LT-con-riesgos-derivados-de-tareas-con-nanomateriales.pdf\">Nanomateriales: ficha de protecci\u00f3n (2017)<\/a><\/p>\n\n\n\n<hr class=\"wp-block-separator has-text-color has-alpha-channel-opacity has-background is-style-default wp-container-content-9cfa9a5a\" style=\"margin-top:20px;margin-bottom:20px;background-color:#000000;color:#000000\"\/>\n\n\n\n<p class=\"has-text-color has-link-color wp-elements-4ecd78dd672ac004d805424195ddcd97\" style=\"color:#000000;margin-top:0px\"><br><a href=\"https:\/\/www.sprl.upv.es\/docs_interes\/NANOMATERIALES\/Ficha%20de%20protecci%C3%B3n%20y%20prevenci%C3%B3n%20de%20LT%20con%20riesgos%20derivados%20de%20tareas%20con%20nanomateriales.pdf\" target=\"_blank\" rel=\"noreferrer noopener\"><\/a><a href=\"https:\/\/sipsl.webs.upv.es\/wp-content\/uploads\/2025\/04\/Seguridad-en-manipulacion-de-instrum-experimental_Material-de-vidrio.pdf\">Uso material vidrio (2016)<\/a><\/p>\n\n\n\n<hr class=\"wp-block-separator has-text-color has-alpha-channel-opacity has-background is-style-default wp-container-content-9cfa9a5a\" style=\"margin-top:20px;margin-bottom:20px;background-color:#000000;color:#000000\"\/>\n\n\n\n<p class=\"has-text-color has-link-color wp-elements-20e63b3b255a17129221281d558c762c\" style=\"color:#000000;margin-top:0px\"><br><a href=\"https:\/\/www.sprl.upv.es\/docs_interes\/NANOMATERIALES\/Ficha%20de%20protecci%C3%B3n%20y%20prevenci%C3%B3n%20de%20LT%20con%20riesgos%20derivados%20de%20tareas%20con%20nanomateriales.pdf\" target=\"_blank\" rel=\"noreferrer noopener\"><\/a><a href=\"https:\/\/www.sprl.upv.es\/docs_interes\/USO%20MATERIAL%20VIDRIO\/Seguridad%20en%20manipulaci%C3%B3n%20de%20instrum%20experimental_Material%20de%20vidrio.pdf\"><\/a><a href=\"https:\/\/www.sprl.upv.es\/seguridad-vial-y-planes-de-movilidad\">Se\u00f1al\u00e9tica vial y planes de movilidad lo que est\u00e1 en el enlace<\/a><\/p>\n\n\n\n<hr class=\"wp-block-separator has-text-color has-alpha-channel-opacity has-background is-style-default wp-container-content-9cfa9a5a\" style=\"margin-top:20px;margin-bottom:20px;background-color:#000000;color:#000000\"\/>\n<\/div>\n","protected":false},"excerpt":{"rendered":"<p>Documentaci\u00f3n T\u00e9cnica y Recursos Fichas de seguridad Formaldeh\u00eddo : instrucci\u00f3n b\u00e1sica para su manipulaci\u00f3n (2017) Nanomateriales: ficha de protecci\u00f3n (2017) Uso material vidrio (2016) Se\u00f1al\u00e9tica vial y planes de movilidad lo que est\u00e1 en el enlace<\/p>\n","protected":false},"author":1,"featured_media":0,"parent":0,"menu_order":0,"comment_status":"closed","ping_status":"closed","template":"","meta":{"_eb_attr":"","om_disable_all_campaigns":false,"_monsterinsights_skip_tracking":false,"_monsterinsights_sitenote_active":false,"_monsterinsights_sitenote_note":"","_monsterinsights_sitenote_category":0,"footnotes":""},"class_list":["post-978","page","type-page","status-publish","hentry"],"aioseo_notices":[],"_links":{"self":[{"href":"https:\/\/sipsl.webs.upv.es\/index.php\/wp-json\/wp\/v2\/pages\/978","targetHints":{"allow":["GET"]}}],"collection":[{"href":"https:\/\/sipsl.webs.upv.es\/index.php\/wp-json\/wp\/v2\/pages"}],"about":[{"href":"https:\/\/sipsl.webs.upv.es\/index.php\/wp-json\/wp\/v2\/types\/page"}],"author":[{"embeddable":true,"href":"https:\/\/sipsl.webs.upv.es\/index.php\/wp-json\/wp\/v2\/users\/1"}],"replies":[{"embeddable":true,"href":"https:\/\/sipsl.webs.upv.es\/index.php\/wp-json\/wp\/v2\/comments?post=978"}],"version-history":[{"count":20,"href":"https:\/\/sipsl.webs.upv.es\/index.php\/wp-json\/wp\/v2\/pages\/978\/revisions"}],"predecessor-version":[{"id":1391,"href":"https:\/\/sipsl.webs.upv.es\/index.php\/wp-json\/wp\/v2\/pages\/978\/revisions\/1391"}],"wp:attachment":[{"href":"https:\/\/sipsl.webs.upv.es\/index.php\/wp-json\/wp\/v2\/media?parent=978"}],"curies":[{"name":"wp","href":"https:\/\/api.w.org\/{rel}","templated":true}]}}