{"id":905,"date":"2025-04-10T15:09:34","date_gmt":"2025-04-10T15:09:34","guid":{"rendered":"https:\/\/sipsl.webs.upv.es\/?page_id=905"},"modified":"2025-04-10T15:09:34","modified_gmt":"2025-04-10T15:09:34","slug":"manuales-de-instrucciones-sistemas-anticaidas-instalados","status":"publish","type":"page","link":"https:\/\/sipsl.webs.upv.es\/index.php\/manuales-de-instrucciones-sistemas-anticaidas-instalados\/","title":{"rendered":"Manuales de Instrucciones sistemas antica\u00eddas instalados"},"content":{"rendered":"\n<h6 class=\"wp-block-heading alignwide has-text-color has-link-color wp-elements-e7fa5a8803f44b1fe74d8b557c6af302\" style=\"color:#d73333;margin-right:630px;margin-bottom:10px;padding-top:0;padding-right:0;padding-bottom:0;padding-left:0;font-size:clamp(14px, 0.875rem + ((1vw - 3.2px) * 0.313), 18px);font-style:normal;font-weight:400;line-height:1.2\">Coordinaci\u00f3n de Actividades Empresariales<\/h6>\n\n\n\n<h2 class=\"wp-block-heading alignwide has-text-color has-link-color wp-elements-bad370f0874c927f93011e0cad908547\" style=\"color:#d73333;margin-right:630px;padding-top:0;padding-right:0;padding-bottom:0;padding-left:0;font-size:clamp(18.959px, 1.185rem + ((1vw - 3.2px) * 0.863), 30px);line-height:1.2\">Manuales de Instrucciones sistemas<br>antica\u00eddas instalados<\/h2>\n\n\n\n<div class=\"wp-block-group is-vertical is-nowrap is-layout-flex wp-container-core-group-is-layout-614f33f8 wp-block-group-is-layout-flex\" style=\"margin-top:50px;margin-bottom:50px;padding-right:15.3%;padding-left:15.3%\">\n<p class=\"has-text-color has-link-color wp-elements-33be79c904a248730f2e81c0f309eb02\" style=\"color:#000000\"><a href=\"https:\/\/www.sprl.upv.es\/pdf\/OBLIGACI%C3%93N%20DE%20USO%20DE%20CARRO%20PARA%20CONECTARSE%20A%20L%C3%8DNEA%20DE%20VIDA.pdf\" data-type=\"link\" data-id=\"https:\/\/www.sprl.upv.es\/pdf\/OBLIGACI%C3%93N%20DE%20USO%20DE%20CARRO%20PARA%20CONECTARSE%20A%20L%C3%8DNEA%20DE%20VIDA.pdf\" target=\"_blank\" rel=\"noreferrer noopener\">OBLIGACI\u00d3N DE USO DE CARRO PARA CONECTARSE A L\u00cdNEA DE VIDA<\/a><\/p>\n\n\n\n<hr class=\"wp-block-separator has-text-color has-alpha-channel-opacity has-background is-style-default wp-container-content-9cfa9a5a\" style=\"margin-top:20px;margin-bottom:20px;background-color:#000000;color:#000000\"\/>\n\n\n\n<p class=\"has-text-color has-link-color wp-elements-b969bef6aeb536ae63a60a6f2d9e75b2\" style=\"color:#000000\"><a href=\"https:\/\/www.sprl.upv.es\/pdf\/Travesa\u00f1o%20de%20seguridad.pdf\" target=\"_blank\" rel=\"noreferrer noopener\">Travesa\u00f1o de seguridad<\/a><\/p>\n\n\n\n<hr class=\"wp-block-separator has-text-color has-alpha-channel-opacity has-background is-style-default\" style=\"margin-top:20px;margin-bottom:20px;background-color:#000000;color:#000000\"\/>\n\n\n\n<p class=\"has-text-color has-link-color wp-elements-0fecf46a4df1d016757c9abb76b7c3cf\" style=\"color:#000000\"><a href=\"https:\/\/www.sprl.upv.es\/pdf\/Dispositivo%20anclaje%20horizontal%20Uni-8.pdf\" target=\"_blank\" rel=\"noreferrer noopener\">Dispositivo anclaje horizontal Uni-8<\/a><\/p>\n\n\n\n<hr class=\"wp-block-separator has-text-color has-alpha-channel-opacity has-background is-style-default wp-container-content-9cfa9a5a\" style=\"margin-top:20px;margin-bottom:20px;background-color:#000000;color:#000000\"\/>\n\n\n\n<p class=\"has-text-color has-link-color wp-elements-ba123694d0acf39d3d94eb4448da4801\" style=\"color:#000000\"><a href=\"https:\/\/www.sprl.upv.es\/pdf\/Dispositivo%20antica\u00eddas%20retr\u00e1ctil.pdf\" target=\"_blank\" rel=\"noreferrer noopener\">Dispositivo antica\u00eddas retr\u00e1ctil<\/a><\/p>\n\n\n\n<hr class=\"wp-block-separator has-text-color has-alpha-channel-opacity has-background is-style-default wp-container-content-9cfa9a5a\" style=\"margin-top:20px;margin-bottom:20px;background-color:#000000;color:#000000\"\/>\n\n\n\n<p class=\"has-text-color has-link-color wp-elements-4d77e053e19fcb6e437b120ddbe8fab3\" style=\"color:#000000\"><a href=\"https:\/\/www.sprl.upv.es\/pdf\/Manual%20Usuario%20Blocfor%2010%20AES.PDF\" target=\"_blank\" rel=\"noreferrer noopener\">Dispositivo antica\u00eddas retr\u00e1ctil BLOCFOR 4P<\/a><\/p>\n\n\n\n<hr class=\"wp-block-separator has-text-color has-alpha-channel-opacity has-background is-style-default\" style=\"margin-top:20px;margin-bottom:20px;background-color:#000000;color:#000000\"\/>\n\n\n\n<p class=\"has-text-color has-link-color wp-elements-6ce5cbfd72aacf61c092a09d9ab0564f\" style=\"color:#000000\"><a href=\"https:\/\/www.sprl.upv.es\/pdf\/Elemento%20de%20amarre%20con%20absorbedor%20de%20energ\u00eda.pdf\" target=\"_blank\" rel=\"noreferrer noopener\">Elemento de amarre con absorbedor de energ\u00eda<\/a><\/p>\n\n\n\n<hr class=\"wp-block-separator has-text-color has-alpha-channel-opacity has-background is-style-default wp-container-content-9cfa9a5a\" style=\"margin-top:20px;margin-bottom:20px;background-color:#000000;color:#000000\"\/>\n\n\n\n<p class=\"has-text-color has-link-color wp-elements-6aa057b4fa1473f5c8b4b18c0281f561\" style=\"color:#000000\"><a href=\"https:\/\/www.sprl.upv.es\/pdf\/Manual%20de%20empleo%20y%20mantenimiento%20dispositivo%20antica\u00eddas%20AL-D.pdf\" target=\"_blank\" rel=\"noreferrer noopener\">Manual de empleo y mantenimiento dispositivo antica\u00eddas AL-D<\/a><\/p>\n\n\n\n<hr class=\"wp-block-separator has-text-color has-alpha-channel-opacity has-background is-style-default wp-container-content-9cfa9a5a\" style=\"margin-top:20px;margin-bottom:20px;background-color:#000000;color:#000000\"\/>\n\n\n\n<p class=\"has-text-color has-link-color wp-elements-7ed707486dda7b6960142da002b99be1\" style=\"color:#000000\"><a href=\"https:\/\/www.sprl.upv.es\/pdf\/SISTEMA%20KEE%20ANCHOR%20ANCLAJE%20CON%20PESO%20MUERTO%20M\u00d3VIL.pdf\" target=\"_blank\" rel=\"noreferrer noopener\">SISTEMA KEE ANCHOR ANCLAJE CON PESO MUERTO M\u00d3VIL<\/a><\/p>\n\n\n\n<hr class=\"wp-block-separator has-text-color has-alpha-channel-opacity has-background is-style-default\" style=\"margin-top:20px;margin-bottom:20px;background-color:#000000;color:#000000\"\/>\n\n\n\n<p class=\"has-text-color has-link-color wp-elements-6b707c8f22bc7995a4b5f5d2cdc95430\" style=\"color:#000000\"><a href=\"https:\/\/www.sprl.upv.es\/pdf\/SISTEMAS%20AUXILIARES.pdf\" target=\"_blank\" rel=\"noreferrer noopener\">SISTEMAS AUXILIARES<\/a><\/p>\n\n\n\n<hr class=\"wp-block-separator has-text-color has-alpha-channel-opacity has-background is-style-default wp-container-content-9cfa9a5a\" style=\"margin-top:20px;margin-bottom:20px;background-color:#000000;color:#000000\"\/>\n\n\n\n<p class=\"has-text-color has-link-color wp-elements-c57a73d3bc6aa86b04afaeb6ca9bd158\" style=\"color:#000000\"><a href=\"https:\/\/www.sprl.upv.es\/pdf\/Dispositivo%20de%20anclaje%20m\u00f3vil%20(l\u00ednea%20de%20vida%20horizontal%20temporal%20Clase%20B)%20CLIMAX%20HORIZONT.pdf\" target=\"_blank\" rel=\"noreferrer noopener\">Dispositivo de anclaje m\u00f3vil (l\u00ednea de vida horizontal temporal Clase B) CLIMAX HORIZONT.pdf<\/a><\/p>\n\n\n\n<hr class=\"wp-block-separator has-text-color has-alpha-channel-opacity has-background is-style-default wp-container-content-9cfa9a5a\" style=\"margin-top:20px;margin-bottom:20px;background-color:#000000;color:#000000\"\/>\n\n\n\n<p class=\"has-text-color has-link-color wp-elements-90dd416c1429b627b49d530f399afa5f\" style=\"color:#000000\"><a href=\"https:\/\/www.sprl.upv.es\/pdf\/Dispositivo%20de%20anclaje%20flexible%20INNOTECH%20ALLinONE%20L\u00cdNEAS%20DE%20VIDA%20FERR\u00c1NDIZ%20Y%20CARBONELL.pdf\" target=\"_blank\" rel=\"noreferrer noopener\">Dispositivo de anclaje flexible INNOTECH ALLinONE L\u00cdNEAS DE VIDA FERR\u00c1NDIZ Y CARBONELL<\/a><\/p>\n\n\n\n<hr class=\"wp-block-separator has-text-color has-alpha-channel-opacity has-background is-style-default\" style=\"margin-top:20px;margin-bottom:20px;background-color:#000000;color:#000000\"\/>\n\n\n\n<p class=\"has-text-color has-link-color wp-elements-641ec57fc0e0c3619febbc7db879026b\" style=\"color:#000000\"><a href=\"https:\/\/www.sprl.upv.es\/pdf\/Instrucciones%20de%20uso%20AS%2002%20K22%20Faba%2012.pdf\" target=\"_blank\" rel=\"noreferrer noopener\">Instrucciones de uso AS 02 K22 Faba 12<\/a><\/p>\n\n\n\n<hr class=\"wp-block-separator has-text-color has-alpha-channel-opacity has-background is-style-default wp-container-content-9cfa9a5a\" style=\"margin-top:20px;margin-bottom:20px;background-color:#000000;color:#000000\"\/>\n\n\n\n<p class=\"has-text-color has-link-color wp-elements-f432de5bf5a8033fe4243224963b5266\" style=\"color:#000000\"><a href=\"https:\/\/www.sprl.upv.es\/pdf\/Linea%20de%20vida%208H.PDF\" target=\"_blank\" rel=\"noreferrer noopener\">Linea de vida 8H<\/a> <\/p>\n\n\n\n<hr class=\"wp-block-separator has-text-color has-alpha-channel-opacity has-background is-style-default wp-container-content-9cfa9a5a\" style=\"margin-top:20px;margin-bottom:20px;background-color:#000000;color:#000000\"\/>\n\n\n\n<p class=\"has-text-color has-link-color wp-elements-cf556cb0326626adaa7e7acce0c2041d\" style=\"color:#000000\"><a href=\"https:\/\/www.sprl.upv.es\/pdf\/Linea%20de%20vida%209D.PDF\" target=\"_blank\" rel=\"noreferrer noopener\">Linea de vida 9D<\/a><\/p>\n\n\n\n<hr class=\"wp-block-separator has-text-color has-alpha-channel-opacity has-background is-style-default\" style=\"margin-top:20px;margin-bottom:20px;background-color:#000000;color:#000000\"\/>\n\n\n\n<p class=\"has-text-color has-link-color wp-elements-acef48537196b812748bcc7525577a6e\" style=\"color:#000000\"><a href=\"https:\/\/www.sprl.upv.es\/pdf\/L\u00edneas%20de%20vida%20Altiligne%20de%20Vertic%20Puntos%20de%20anclaje%20Edificio%204P.pdf\" target=\"_blank\" rel=\"noreferrer noopener\">L\u00edneas de vida Altiligne de Vertic Puntos de anclaje Edificio 4P<\/a><\/p>\n\n\n\n<hr class=\"wp-block-separator has-text-color has-alpha-channel-opacity has-background is-style-default wp-container-content-9cfa9a5a\" style=\"margin-top:20px;margin-bottom:20px;background-color:#000000;color:#000000\"\/>\n\n\n\n<p class=\"has-text-color has-link-color wp-elements-1ac42da9129b3dca442bcf072b03d2ee\" style=\"color:#000000\"><a href=\"https:\/\/www.sprl.upv.es\/pdf\/Linea%20de%20vida%20flexible%20horizontal%20UNE-EN%20795%20C,%20UNILINE%20Uni%2016%20edificio%202F-2B_visado.pdf\" target=\"_blank\" rel=\"noreferrer noopener\"><a href=\"https:\/\/www.sprl.upv.es\/pdf\/Linea%20de%20vida%20flexible%20horizontal%20UNE-EN%20795%20C,%20UNILINE%20Uni%2016%20edificio%202F-2B_visado.pdf\">Linea de vida flexible horizontal UNE-EN 795 C, UNILINE Uni 16 edificio 2F-2B_visado<\/a><\/a><\/p>\n\n\n\n<hr class=\"wp-block-separator has-text-color has-alpha-channel-opacity has-background is-style-default wp-container-content-9cfa9a5a\" style=\"margin-top:20px;margin-bottom:20px;background-color:#000000;color:#000000\"\/>\n\n\n\n<p class=\"has-text-color has-link-color wp-elements-d24f45a24c5b2690cd4dfe19c958c508\" style=\"color:#000000\"><a href=\"https:\/\/www.sprl.upv.es\/pdf\/Dispositivo%20de%20anclaje%20horizontal%20UNILINE.pdf\" target=\"_blank\" rel=\"noreferrer noopener\">Dispositivo de anclaje horizontal UNILINE<\/a><\/p>\n\n\n\n<hr class=\"wp-block-separator has-text-color has-alpha-channel-opacity has-background is-style-default\" style=\"margin-top:20px;margin-bottom:20px;background-color:#000000;color:#000000\"\/>\n\n\n\n<p class=\"has-text-color has-link-color wp-elements-8c1f5aeec3f9f6367f9ace7cdfe5243b\" style=\"color:#000000;font-style:normal;font-weight:500\">Documentaci\u00f3n sistemas antica\u00eddas edificio <strong>3M<\/strong> Bellas Artes<\/p>\n\n\n\n<p class=\"has-text-color has-link-color wp-elements-bab2ba2e204885cbce9ef0065dba6cb1\" style=\"color:#000000\"><a href=\"https:\/\/www.sprl.upv.es\/pdf\/M.Instrucciones%20Uni%208.pdf\" target=\"_blank\" rel=\"noreferrer noopener\">Manual de instrucciones Uni 8<\/a> <\/p>\n\n\n\n<hr class=\"wp-block-separator has-text-color has-alpha-channel-opacity has-background is-style-default wp-container-content-9cfa9a5a\" style=\"margin-top:20px;margin-bottom:20px;background-color:#000000;color:#000000\"\/>\n\n\n\n<p class=\"has-text-color has-link-color wp-elements-214979b76c3484daa19a3732f8894cf7\" style=\"color:#000000\"><a href=\"https:\/\/www.sprl.upv.es\/pdf\/Resumen%20c\u00e1lculos%20BBAA%20-%20vertice%20vertical%2020120418.pdf\" target=\"_blank\" rel=\"noreferrer noopener\">Resumen c\u00e1lculos BBAA<\/a><\/p>\n\n\n\n<hr class=\"wp-block-separator has-text-color has-alpha-channel-opacity has-background is-style-default wp-container-content-9cfa9a5a\" style=\"margin-top:20px;margin-bottom:20px;background-color:#000000;color:#000000\"\/>\n\n\n\n<p class=\"has-text-color has-link-color wp-elements-6f4134ae202b77711a22af0d45fd2fe5\" style=\"color:#000000\"><a href=\"https:\/\/www.sprl.upv.es\/pdf\/Aulario%201.pdf\" target=\"_blank\" rel=\"noreferrer noopener\">Aulario 1<\/a><\/p>\n\n\n\n<hr class=\"wp-block-separator has-text-color has-alpha-channel-opacity has-background is-style-default\" style=\"margin-top:20px;margin-bottom:20px;background-color:#000000;color:#000000\"\/>\n\n\n\n<p class=\"has-text-color has-link-color wp-elements-f23cba729943589af6d252c6980c4a35\" style=\"color:#000000\"><a href=\"https:\/\/www.sprl.upv.es\/pdf\/Py000935%20Procedimiento%20de%20uso%20Bellas%20Artes%202.pdf\" target=\"_blank\" rel=\"noreferrer noopener\">Procedimiento de uso Bellas Artes 2<\/a><\/p>\n\n\n\n<hr class=\"wp-block-separator has-text-color has-alpha-channel-opacity has-background is-style-default wp-container-content-9cfa9a5a\" style=\"margin-top:20px;margin-bottom:20px;background-color:#000000;color:#000000\"\/>\n\n\n\n<p class=\"has-text-color has-link-color wp-elements-fdd2e11d1a96d672e6ff8e5250362769\" style=\"color:#000000;margin-top:15px;margin-bottom:15px;font-style:normal;font-weight:700\">Documentaci\u00f3n sistemas antica\u00eddas edificio <strong>3M<\/strong> Bellas Artes<\/p>\n\n\n\n<p class=\"has-text-color has-link-color wp-elements-bab2ba2e204885cbce9ef0065dba6cb1\" style=\"color:#000000\"><a href=\"https:\/\/www.sprl.upv.es\/pdf\/M.Instrucciones%20Uni%208.pdf\" target=\"_blank\" rel=\"noreferrer noopener\">Manual de instrucciones Uni 8<\/a> <\/p>\n\n\n\n<hr class=\"wp-block-separator has-text-color has-alpha-channel-opacity has-background is-style-default wp-container-content-9cfa9a5a\" style=\"margin-top:20px;margin-bottom:20px;background-color:#000000;color:#000000\"\/>\n\n\n\n<p class=\"has-text-color has-link-color wp-elements-072aa21b993b3f4979dbc74c20b96a78\" style=\"color:#000000\"><a href=\"https:\/\/www.sprl.upv.es\/pdf\/M.%20Instrucciones%20Uni%208%20overhead.pdf\" target=\"_blank\" rel=\"noreferrer noopener\">Manual de instrucciones Uni 8 Overhead<\/a><\/p>\n\n\n\n<hr class=\"wp-block-separator has-text-color has-alpha-channel-opacity has-background is-style-default\" style=\"margin-top:20px;margin-bottom:20px;background-color:#000000;color:#000000\"\/>\n\n\n\n<p class=\"has-text-color has-link-color wp-elements-1b2122790f0d1282264b2c59604e7126\" style=\"color:#000000\"><a href=\"https:\/\/www.sprl.upv.es\/pdf\/M%20.Instrucciones%20Faba%20A12%20escalera.pdf\" target=\"_blank\" rel=\"noreferrer noopener\">Manual instrucciones Faba A12 escalera<\/a><\/p>\n\n\n\n<hr class=\"wp-block-separator has-text-color has-alpha-channel-opacity has-background is-style-default wp-container-content-9cfa9a5a\" style=\"margin-top:20px;margin-bottom:20px;background-color:#000000;color:#000000\"\/>\n\n\n\n<p class=\"has-text-color has-link-color wp-elements-214979b76c3484daa19a3732f8894cf7\" style=\"color:#000000\"><a href=\"https:\/\/www.sprl.upv.es\/pdf\/Resumen%20c\u00e1lculos%20BBAA%20-%20vertice%20vertical%2020120418.pdf\" target=\"_blank\" rel=\"noreferrer noopener\">Resumen c\u00e1lculos BBAA<\/a><\/p>\n\n\n\n<hr class=\"wp-block-separator has-text-color has-alpha-channel-opacity has-background is-style-default wp-container-content-9cfa9a5a\" style=\"margin-top:20px;margin-bottom:20px;background-color:#000000;color:#000000\"\/>\n\n\n\n<p class=\"has-text-color has-link-color wp-elements-67810fb91e5968bbdbfe159d4f6bccd7\" style=\"color:#000000\"><a href=\"https:\/\/www.sprl.upv.es\/pdf\/Aleros%20Norte%201.pdf\" target=\"_blank\" rel=\"noreferrer noopener\">Aleros Norte<\/a><\/p>\n\n\n\n<hr class=\"wp-block-separator has-text-color has-alpha-channel-opacity has-background is-style-default wp-container-content-9cfa9a5a\" style=\"margin-top:20px;margin-bottom:20px;background-color:#000000;color:#000000\"\/>\n\n\n\n<p class=\"has-text-color has-link-color wp-elements-1c5963d3176fa2b30349948bc678dc48\" style=\"color:#000000\"><a href=\"https:\/\/www.sprl.upv.es\/pdf\/Cubierta%20Norte%201.pdf\" target=\"_blank\" rel=\"noreferrer noopener\">Cubierta Norte 1<\/a><\/p>\n\n\n\n<hr class=\"wp-block-separator has-text-color has-alpha-channel-opacity has-background is-style-default\" style=\"margin-top:20px;margin-bottom:20px;background-color:#000000;color:#000000\"\/>\n\n\n\n<p class=\"has-text-color has-link-color wp-elements-3c479587136b2b33c4707bbc9b2e7de5\" style=\"color:#000000\"><a href=\"https:\/\/www.sprl.upv.es\/pdf\/Decanato%201.pdf\" target=\"_blank\" rel=\"noreferrer noopener\">Decanato 1<\/a><\/p>\n\n\n\n<hr class=\"wp-block-separator has-text-color has-alpha-channel-opacity has-background is-style-default wp-container-content-9cfa9a5a\" style=\"margin-top:20px;margin-bottom:20px;background-color:#000000;color:#000000\"\/>\n\n\n\n<p class=\"has-text-color has-link-color wp-elements-aa3aea5e7c5b146f7d5329db570bb84c\" style=\"color:#000000\"><a href=\"https:\/\/www.sprl.upv.es\/pdf\/M.Instrucciones%20Uni%208.pdf\" target=\"_blank\" rel=\"noreferrer noopener\"><a href=\"https:\/\/www.sprl.upv.es\/pdf\/Py000935%20Procedimiento%20de%20uso%20Bellas%20artes%201.pdf\">Procedimiento de uso Bellas Artes 1<\/a><\/a> <\/p>\n\n\n\n<hr class=\"wp-block-separator has-text-color has-alpha-channel-opacity has-background is-style-default wp-container-content-9cfa9a5a\" style=\"margin-top:20px;margin-bottom:20px;background-color:#000000;color:#000000\"\/>\n\n\n\n<p class=\"has-text-color has-link-color wp-elements-f23cba729943589af6d252c6980c4a35\" style=\"color:#000000\"><a href=\"https:\/\/www.sprl.upv.es\/pdf\/Py000935%20Procedimiento%20de%20uso%20Bellas%20Artes%202.pdf\" target=\"_blank\" rel=\"noreferrer noopener\">Procedimiento de uso Bellas Artes 2<\/a><\/p>\n\n\n\n<hr class=\"wp-block-separator has-text-color has-alpha-channel-opacity has-background is-style-default\" style=\"margin-top:20px;margin-bottom:20px;background-color:#000000;color:#000000\"\/>\n\n\n\n<p class=\"has-text-color has-link-color wp-elements-81e48fe6a2a4489868ef20d523e2659d\" style=\"color:#000000;margin-top:15px;margin-bottom:15px;font-style:normal;font-weight:700\">Documentaci\u00f3n sistemas anitica\u00eddas Campus Alcoy<\/p>\n\n\n\n<p class=\"has-text-color has-link-color wp-elements-4615b25c1c40909612bd437d566ba9fa\" style=\"color:#000000\"><a href=\"https:\/\/www.sprl.upv.es\/pdf\/Carro%20m\u00f3vil%20de%20desplazamiento%20INNOTECH%20AIO%20GLEIT-10.pdf\" target=\"_blank\" rel=\"noreferrer noopener\">Carro m\u00f3vil de desplazamiento INNOTECH AIO GLEIT-10<\/a><\/p>\n\n\n\n<hr class=\"wp-block-separator has-text-color has-alpha-channel-opacity has-background is-style-default wp-container-content-9cfa9a5a\" style=\"margin-top:20px;margin-bottom:20px;background-color:#000000;color:#000000\"\/>\n\n\n\n<p class=\"has-text-color has-link-color wp-elements-5e8db1ba5cdb035b928130318ee0de03\" style=\"color:#000000\"><a href=\"https:\/\/www.sprl.upv.es\/pdf\/Dispositivo%20antica\u00eddas%20deslizantes%20VERT-GLEI-10%20sobre%20l\u00ednea%20de%20anclaje%20flexible%20vertical.pdf\" target=\"_blank\" rel=\"noreferrer noopener\">Dispositivo antica\u00eddas deslizantes VERT-GLEI-10 sobre l\u00ednea de anclaje flexible vertical<\/a><\/p>\n\n\n\n<hr class=\"wp-block-separator has-text-color has-alpha-channel-opacity has-background is-style-default\" style=\"margin-top:20px;margin-bottom:20px;background-color:#000000;color:#000000\"\/>\n\n\n\n<p class=\"has-text-color has-link-color wp-elements-bbe2654c9423853e4d7d3cc8d2fe29df\" style=\"color:#000000\"><a href=\"https:\/\/www.sprl.upv.es\/pdf\/Dispositivo%20antica\u00eddas%20retr\u00e1ctil%20IKAR.pdf\" target=\"_blank\" rel=\"noreferrer noopener\">Dispositivo antica\u00eddas retr\u00e1ctil IKAR<\/a><\/p>\n\n\n\n<hr class=\"wp-block-separator has-text-color has-alpha-channel-opacity has-background is-style-default wp-container-content-9cfa9a5a\" style=\"margin-top:20px;margin-bottom:20px;background-color:#000000;color:#000000\"\/>\n\n\n\n<p class=\"has-text-color has-link-color wp-elements-01d02aac4e250ff7b6e54b4433a4aaf9\" style=\"color:#000000\"><a href=\"https:\/\/www.sprl.upv.es\/pdf\/M.Instrucciones%20Uni%208.pdf\" target=\"_blank\" rel=\"noreferrer noopener\"><a href=\"https:\/\/www.sprl.upv.es\/pdf\/Py000935%20Procedimiento%20de%20uso%20Bellas%20artes%201.pdf\"><a href=\"https:\/\/www.sprl.upv.es\/pdf\/Dispositivo%20de%20anclaje%20flexible%20INNOTECH%20ALLinONE%20L\u00cdNEAS%20DE%20VIDA%20FERR\u00c1NDIZ%20Y%20CARBONELL.pdf\">Dispositivo de anclaje flexible horizontal INNOTECH ALLinONE<\/a><\/a><\/a> <\/p>\n\n\n\n<hr class=\"wp-block-separator has-text-color has-alpha-channel-opacity has-background is-style-default wp-container-content-9cfa9a5a\" style=\"margin-top:20px;margin-bottom:20px;background-color:#000000;color:#000000\"\/>\n\n\n\n<p class=\"has-text-color has-link-color wp-elements-3aaf55fe4b8f49fa6ea2d40936a575d9\" style=\"color:#000000;margin-top:15px;margin-bottom:15px;font-style:normal;font-weight:700\">Documentaci\u00f3n sistemas anitica\u00eddas Campus Gand\u00eda<\/p>\n\n\n\n<p class=\"has-text-color has-link-color wp-elements-4615b25c1c40909612bd437d566ba9fa\" style=\"color:#000000\"><a href=\"https:\/\/www.sprl.upv.es\/pdf\/Carro%20m\u00f3vil%20de%20desplazamiento%20INNOTECH%20AIO%20GLEIT-10.pdf\" target=\"_blank\" rel=\"noreferrer noopener\">Carro m\u00f3vil de desplazamiento INNOTECH AIO GLEIT-10<\/a><\/p>\n\n\n\n<hr class=\"wp-block-separator has-text-color has-alpha-channel-opacity has-background is-style-default\" style=\"margin-top:20px;margin-bottom:20px;background-color:#000000;color:#000000\"\/>\n\n\n\n<p class=\"has-text-color has-link-color wp-elements-449646ca2eaf287e6fcad1f237e1d3fb\" style=\"color:#000000\"><a href=\"https:\/\/www.sprl.upv.es\/pdf\/Dispositivo%20de%20anclaje%20flexible%20INNOTECH%20ALLinONE%20L\u00cdNEAS%20DE%20VIDA%20FERR\u00c1NDIZ%20Y%20CARBONELL.pdf\" target=\"_blank\" rel=\"noreferrer noopener\">Dispositivo de anclaje flexible horizontal INNOTECH ALLinONE<\/a><\/p>\n\n\n\n<hr class=\"wp-block-separator has-text-color has-alpha-channel-opacity has-background is-style-default\" style=\"margin-top:20px;margin-bottom:20px;background-color:#000000;color:#000000\"\/>\n<\/div>\n\n\n\n<p><\/p>\n","protected":false},"excerpt":{"rendered":"<p>Coordinaci\u00f3n de Actividades Empresariales Manuales de Instrucciones sistemasantica\u00eddas instalados OBLIGACI\u00d3N DE USO DE CARRO PARA CONECTARSE A L\u00cdNEA DE VIDA Travesa\u00f1o de seguridad Dispositivo anclaje horizontal Uni-8 Dispositivo antica\u00eddas retr\u00e1ctil Dispositivo antica\u00eddas retr\u00e1ctil BLOCFOR 4P Elemento de amarre con absorbedor de energ\u00eda Manual de empleo y mantenimiento dispositivo antica\u00eddas AL-D SISTEMA KEE ANCHOR ANCLAJE CON [&hellip;]<\/p>\n","protected":false},"author":1,"featured_media":0,"parent":0,"menu_order":0,"comment_status":"closed","ping_status":"closed","template":"","meta":{"_eb_attr":"","om_disable_all_campaigns":false,"_monsterinsights_skip_tracking":false,"_monsterinsights_sitenote_active":false,"_monsterinsights_sitenote_note":"","_monsterinsights_sitenote_category":0,"footnotes":""},"class_list":["post-905","page","type-page","status-publish","hentry"],"aioseo_notices":[],"_links":{"self":[{"href":"https:\/\/sipsl.webs.upv.es\/index.php\/wp-json\/wp\/v2\/pages\/905","targetHints":{"allow":["GET"]}}],"collection":[{"href":"https:\/\/sipsl.webs.upv.es\/index.php\/wp-json\/wp\/v2\/pages"}],"about":[{"href":"https:\/\/sipsl.webs.upv.es\/index.php\/wp-json\/wp\/v2\/types\/page"}],"author":[{"embeddable":true,"href":"https:\/\/sipsl.webs.upv.es\/index.php\/wp-json\/wp\/v2\/users\/1"}],"replies":[{"embeddable":true,"href":"https:\/\/sipsl.webs.upv.es\/index.php\/wp-json\/wp\/v2\/comments?post=905"}],"version-history":[{"count":4,"href":"https:\/\/sipsl.webs.upv.es\/index.php\/wp-json\/wp\/v2\/pages\/905\/revisions"}],"predecessor-version":[{"id":910,"href":"https:\/\/sipsl.webs.upv.es\/index.php\/wp-json\/wp\/v2\/pages\/905\/revisions\/910"}],"wp:attachment":[{"href":"https:\/\/sipsl.webs.upv.es\/index.php\/wp-json\/wp\/v2\/media?parent=905"}],"curies":[{"name":"wp","href":"https:\/\/api.w.org\/{rel}","templated":true}]}}