{"id":834,"date":"2025-04-10T10:31:40","date_gmt":"2025-04-10T10:31:40","guid":{"rendered":"https:\/\/sipsl.webs.upv.es\/?page_id=834"},"modified":"2025-04-10T10:31:40","modified_gmt":"2025-04-10T10:31:40","slug":"seguridad-en-el-trabajo","status":"publish","type":"page","link":"https:\/\/sipsl.webs.upv.es\/index.php\/seguridad-en-el-trabajo\/","title":{"rendered":"Seguridad en el trabajo"},"content":{"rendered":"\n<h6 class=\"wp-block-heading alignwide has-text-color has-link-color wp-elements-1d14f8a48b65af58db81e48d3dee59fa\" style=\"color:#d73333;margin-right:630px;margin-bottom:10px;padding-top:0;padding-right:0;padding-bottom:0;padding-left:0;font-size:clamp(14px, 0.875rem + ((1vw - 3.2px) * 0.313), 18px);font-style:normal;font-weight:400;line-height:1.2\">Prevenci\u00f3n de riesgos laborales<\/h6>\n\n\n\n<h2 class=\"wp-block-heading alignwide has-text-color has-link-color wp-elements-eaa97a1399d05150ff24ac831149d73a\" style=\"color:#d73333;margin-right:630px;padding-top:0;padding-right:0;padding-bottom:0;padding-left:0;font-size:clamp(18.959px, 1.185rem + ((1vw - 3.2px) * 0.863), 30px);line-height:1.2\">Seguridad en el trabajo<\/h2>\n\n\n\n<div class=\"wp-block-group alignwide has-foreground-color has-text-color has-link-color wp-elements-a8956c9fa8d1dfe900af1d00efed070b is-vertical is-content-justification-left is-layout-flex wp-container-core-group-is-layout-85d2ec51 wp-block-group-is-layout-flex\" style=\"min-height:100%;margin-top:50px;margin-bottom:50px;padding-right:15.3%;padding-left:15.3%\">\n<p class=\"has-text-color has-link-color wp-elements-8d218a24c2ab493d72120629f5941f3c\" style=\"color:#000000;font-style:normal;font-weight:500\">La seguridad en el trabajo es una disciplina t\u00e9cnica que engloba el conjunto de t\u00e9cnicas y procedimientos que tienen por objeto eliminar o disminuir el riesgo de que se produzcan los accidentes de trabajo.<\/p>\n\n\n\n<p class=\"has-text-color has-link-color wp-elements-61e63a21dd184b09c9f64e66e35740e0\" style=\"color:#000000;font-style:normal;font-weight:500\">Se entiende por accidente de trabajo un suceso anormal, no deseado, que se presenta de forma brusca e inesperada, generalmente evitable y que interrumpe la continuidad del trabajo pudiendo causar lesiones a las personas.<\/p>\n\n\n\n<p class=\"has-text-color has-link-color wp-elements-500c690e61f168820a9c7d66009e7a3c\" style=\"color:#000000;font-style:normal;font-weight:500\">Dentro de la disciplina de seguridad en el trabajo se encuentra la actuaci\u00f3n en situaciones de emergencia y autoprotecci\u00f3n, y la coordinaci\u00f3n de actividades empresariales (CAE), que es un conjunto de actuaciones que tienen como objetivo garantizar la seguridad y salud de los trabajadores cuando dos o m\u00e1s empresas coinciden en un mismo centro de trabajo.<\/p>\n<\/div>\n","protected":false},"excerpt":{"rendered":"<p>Prevenci\u00f3n de riesgos laborales Seguridad en el trabajo La seguridad en el trabajo es una disciplina t\u00e9cnica que engloba el conjunto de t\u00e9cnicas y procedimientos que tienen por objeto eliminar o disminuir el riesgo de que se produzcan los accidentes de trabajo. Se entiende por accidente de trabajo un suceso anormal, no deseado, que se [&hellip;]<\/p>\n","protected":false},"author":1,"featured_media":0,"parent":0,"menu_order":0,"comment_status":"closed","ping_status":"closed","template":"","meta":{"_eb_attr":"","om_disable_all_campaigns":false,"_monsterinsights_skip_tracking":false,"_monsterinsights_sitenote_active":false,"_monsterinsights_sitenote_note":"","_monsterinsights_sitenote_category":0,"footnotes":""},"class_list":["post-834","page","type-page","status-publish","hentry"],"aioseo_notices":[],"_links":{"self":[{"href":"https:\/\/sipsl.webs.upv.es\/index.php\/wp-json\/wp\/v2\/pages\/834","targetHints":{"allow":["GET"]}}],"collection":[{"href":"https:\/\/sipsl.webs.upv.es\/index.php\/wp-json\/wp\/v2\/pages"}],"about":[{"href":"https:\/\/sipsl.webs.upv.es\/index.php\/wp-json\/wp\/v2\/types\/page"}],"author":[{"embeddable":true,"href":"https:\/\/sipsl.webs.upv.es\/index.php\/wp-json\/wp\/v2\/users\/1"}],"replies":[{"embeddable":true,"href":"https:\/\/sipsl.webs.upv.es\/index.php\/wp-json\/wp\/v2\/comments?post=834"}],"version-history":[{"count":1,"href":"https:\/\/sipsl.webs.upv.es\/index.php\/wp-json\/wp\/v2\/pages\/834\/revisions"}],"predecessor-version":[{"id":835,"href":"https:\/\/sipsl.webs.upv.es\/index.php\/wp-json\/wp\/v2\/pages\/834\/revisions\/835"}],"wp:attachment":[{"href":"https:\/\/sipsl.webs.upv.es\/index.php\/wp-json\/wp\/v2\/media?parent=834"}],"curies":[{"name":"wp","href":"https:\/\/api.w.org\/{rel}","templated":true}]}}