{"id":830,"date":"2025-04-10T10:27:08","date_gmt":"2025-04-10T10:27:08","guid":{"rendered":"https:\/\/sipsl.webs.upv.es\/?page_id=830"},"modified":"2025-04-10T10:27:08","modified_gmt":"2025-04-10T10:27:08","slug":"psicosociologia","status":"publish","type":"page","link":"https:\/\/sipsl.webs.upv.es\/index.php\/psicosociologia\/","title":{"rendered":"Psicosociolog\u00eda"},"content":{"rendered":"\n<h6 class=\"wp-block-heading alignwide has-text-color has-link-color wp-elements-1d14f8a48b65af58db81e48d3dee59fa\" style=\"color:#d73333;margin-right:630px;margin-bottom:10px;padding-top:0;padding-right:0;padding-bottom:0;padding-left:0;font-size:clamp(14px, 0.875rem + ((1vw - 3.2px) * 0.313), 18px);font-style:normal;font-weight:400;line-height:1.2\">Prevenci\u00f3n de riesgos laborales<\/h6>\n\n\n\n<h2 class=\"wp-block-heading alignwide has-text-color has-link-color wp-elements-53916f12d56aa0417605147c25c27ab0\" style=\"color:#d73333;margin-right:630px;padding-top:0;padding-right:0;padding-bottom:0;padding-left:0;font-size:clamp(18.959px, 1.185rem + ((1vw - 3.2px) * 0.863), 30px);line-height:1.2\">Psicosociolog\u00eda<\/h2>\n\n\n\n<div class=\"wp-block-group alignwide has-foreground-color has-text-color has-link-color wp-elements-1028d0e21fa731c38ff7e144166ca96e is-vertical is-content-justification-left is-layout-flex wp-container-core-group-is-layout-85d2ec51 wp-block-group-is-layout-flex\" style=\"min-height:100%;margin-top:50px;margin-bottom:50px;padding-right:15.3%;padding-left:15.3%\">\n<p class=\"has-text-color has-link-color wp-elements-967c8241d759a34c22536dd70ff5d8f6\" style=\"color:#000000;font-style:normal;font-weight:500\">Disciplina que aborda las condiciones de trabajo psicosociales tambi\u00e9n llamadas factores psicosociales. \u00c9stos pueden ser, entre otros, la carga y ritmo de trabajo, el contenido y tiempo de trabajo, el desempe\u00f1o de rol o las relaciones interpersonales. Los factores psicosociales pueden generar respuestas de tipo fisiol\u00f3gico, emocional (ansiedad, depresi\u00f3n, apat\u00eda, etc.), cognitivo (restricci\u00f3n de la habilidad para la concentraci\u00f3n o la toma de decisiones) y conductual (abuso de substancias, violencia, etc.) y pueden ser precursoras de enfermedad en ciertas circunstancias de intensidad, frecuencia y duraci\u00f3n.<\/p>\n<\/div>\n","protected":false},"excerpt":{"rendered":"<p>Prevenci\u00f3n de riesgos laborales Psicosociolog\u00eda Disciplina que aborda las condiciones de trabajo psicosociales tambi\u00e9n llamadas factores psicosociales. \u00c9stos pueden ser, entre otros, la carga y ritmo de trabajo, el contenido y tiempo de trabajo, el desempe\u00f1o de rol o las relaciones interpersonales. Los factores psicosociales pueden generar respuestas de tipo fisiol\u00f3gico, emocional (ansiedad, depresi\u00f3n, apat\u00eda, [&hellip;]<\/p>\n","protected":false},"author":1,"featured_media":0,"parent":0,"menu_order":0,"comment_status":"closed","ping_status":"closed","template":"","meta":{"_eb_attr":"","om_disable_all_campaigns":false,"_monsterinsights_skip_tracking":false,"_monsterinsights_sitenote_active":false,"_monsterinsights_sitenote_note":"","_monsterinsights_sitenote_category":0,"footnotes":""},"class_list":["post-830","page","type-page","status-publish","hentry"],"aioseo_notices":[],"_links":{"self":[{"href":"https:\/\/sipsl.webs.upv.es\/index.php\/wp-json\/wp\/v2\/pages\/830","targetHints":{"allow":["GET"]}}],"collection":[{"href":"https:\/\/sipsl.webs.upv.es\/index.php\/wp-json\/wp\/v2\/pages"}],"about":[{"href":"https:\/\/sipsl.webs.upv.es\/index.php\/wp-json\/wp\/v2\/types\/page"}],"author":[{"embeddable":true,"href":"https:\/\/sipsl.webs.upv.es\/index.php\/wp-json\/wp\/v2\/users\/1"}],"replies":[{"embeddable":true,"href":"https:\/\/sipsl.webs.upv.es\/index.php\/wp-json\/wp\/v2\/comments?post=830"}],"version-history":[{"count":2,"href":"https:\/\/sipsl.webs.upv.es\/index.php\/wp-json\/wp\/v2\/pages\/830\/revisions"}],"predecessor-version":[{"id":832,"href":"https:\/\/sipsl.webs.upv.es\/index.php\/wp-json\/wp\/v2\/pages\/830\/revisions\/832"}],"wp:attachment":[{"href":"https:\/\/sipsl.webs.upv.es\/index.php\/wp-json\/wp\/v2\/media?parent=830"}],"curies":[{"name":"wp","href":"https:\/\/api.w.org\/{rel}","templated":true}]}}