{"id":827,"date":"2025-04-10T10:24:12","date_gmt":"2025-04-10T10:24:12","guid":{"rendered":"https:\/\/sipsl.webs.upv.es\/?page_id=827"},"modified":"2025-04-10T10:24:12","modified_gmt":"2025-04-10T10:24:12","slug":"ergonomia","status":"publish","type":"page","link":"https:\/\/sipsl.webs.upv.es\/index.php\/ergonomia\/","title":{"rendered":"Ergonom\u00eda"},"content":{"rendered":"\n<h6 class=\"wp-block-heading alignwide has-text-color has-link-color wp-elements-1d14f8a48b65af58db81e48d3dee59fa\" style=\"color:#d73333;margin-right:630px;margin-bottom:10px;padding-top:0;padding-right:0;padding-bottom:0;padding-left:0;font-size:clamp(14px, 0.875rem + ((1vw - 3.2px) * 0.313), 18px);font-style:normal;font-weight:400;line-height:1.2\">Prevenci\u00f3n de riesgos laborales<\/h6>\n\n\n\n<h2 class=\"wp-block-heading alignwide has-text-color has-link-color wp-elements-8e8a33466327e503ce39b34847611d8f\" style=\"color:#d73333;margin-right:630px;padding-top:0;padding-right:0;padding-bottom:0;padding-left:0;font-size:clamp(18.959px, 1.185rem + ((1vw - 3.2px) * 0.863), 30px);line-height:1.2\">Ergonom\u00eda<\/h2>\n\n\n\n<div class=\"wp-block-group alignwide has-foreground-color has-text-color has-link-color wp-elements-09f09be4f35114a84c1aab9cab565a11 is-vertical is-content-justification-left is-layout-flex wp-container-core-group-is-layout-85d2ec51 wp-block-group-is-layout-flex\" style=\"min-height:100%;margin-top:50px;margin-bottom:50px;padding-right:15.3%;padding-left:15.3%\">\n<p class=\"has-text-color has-link-color wp-elements-db451795291f5373f2a2e6de26060bb0\" style=\"color:#000000;font-style:normal;font-weight:500\">La ergonom\u00eda es la especialidad que estudia la adecuaci\u00f3n entre el trabajo y la persona con el objetivo de prevenir los riesgos laborales y fomentar un ambiente de trabajo saludable.<\/p>\n\n\n\n<p class=\"has-text-color has-link-color wp-elements-3f6a185b0bf463d53f48f445bd5f843f\" style=\"color:#000000;font-style:normal;font-weight:500\">La ergonom\u00eda estudia:<\/p>\n\n\n\n<ul class=\"wp-block-list\">\n<li>El dise\u00f1o de los elementos del puesto de trabajo y su adaptaci\u00f3n a las caracter\u00edsticas f\u00edsicas de las personas (dimensiones, alcances, fuerzas, posturas\u2026)<\/li>\n\n\n\n<li>Adaptaci\u00f3n del entorno ambiental en t\u00e9rminos de ventilaci\u00f3n, iluminaci\u00f3n o ruido<\/li>\n\n\n\n<li>Aspectos mentales y cognitivos del puesto de trabajo: carga mental, la toma de decisiones, la atenci\u00f3n o la concentraci\u00f3n<\/li>\n\n\n\n<li>Organizaci\u00f3n del trabajo: los procesos de trabajo, las pol\u00edticas y los sistemas de gesti\u00f3n<br><\/li>\n<\/ul>\n<\/div>\n","protected":false},"excerpt":{"rendered":"<p>Prevenci\u00f3n de riesgos laborales Ergonom\u00eda La ergonom\u00eda es la especialidad que estudia la adecuaci\u00f3n entre el trabajo y la persona con el objetivo de prevenir los riesgos laborales y fomentar un ambiente de trabajo saludable. La ergonom\u00eda estudia:<\/p>\n","protected":false},"author":1,"featured_media":0,"parent":0,"menu_order":0,"comment_status":"closed","ping_status":"closed","template":"","meta":{"_eb_attr":"","om_disable_all_campaigns":false,"_monsterinsights_skip_tracking":false,"_monsterinsights_sitenote_active":false,"_monsterinsights_sitenote_note":"","_monsterinsights_sitenote_category":0,"footnotes":""},"class_list":["post-827","page","type-page","status-publish","hentry"],"aioseo_notices":[],"_links":{"self":[{"href":"https:\/\/sipsl.webs.upv.es\/index.php\/wp-json\/wp\/v2\/pages\/827","targetHints":{"allow":["GET"]}}],"collection":[{"href":"https:\/\/sipsl.webs.upv.es\/index.php\/wp-json\/wp\/v2\/pages"}],"about":[{"href":"https:\/\/sipsl.webs.upv.es\/index.php\/wp-json\/wp\/v2\/types\/page"}],"author":[{"embeddable":true,"href":"https:\/\/sipsl.webs.upv.es\/index.php\/wp-json\/wp\/v2\/users\/1"}],"replies":[{"embeddable":true,"href":"https:\/\/sipsl.webs.upv.es\/index.php\/wp-json\/wp\/v2\/comments?post=827"}],"version-history":[{"count":1,"href":"https:\/\/sipsl.webs.upv.es\/index.php\/wp-json\/wp\/v2\/pages\/827\/revisions"}],"predecessor-version":[{"id":828,"href":"https:\/\/sipsl.webs.upv.es\/index.php\/wp-json\/wp\/v2\/pages\/827\/revisions\/828"}],"wp:attachment":[{"href":"https:\/\/sipsl.webs.upv.es\/index.php\/wp-json\/wp\/v2\/media?parent=827"}],"curies":[{"name":"wp","href":"https:\/\/api.w.org\/{rel}","templated":true}]}}