{"id":678,"date":"2025-04-15T09:15:24","date_gmt":"2025-04-15T09:15:24","guid":{"rendered":"https:\/\/sipsl.webs.upv.es\/?page_id=678"},"modified":"2025-04-15T09:25:40","modified_gmt":"2025-04-15T09:25:40","slug":"investigacion-de-accidentes-de-trabajo-e-incidentes","status":"publish","type":"page","link":"https:\/\/sipsl.webs.upv.es\/index.php\/investigacion-de-accidentes-de-trabajo-e-incidentes\/","title":{"rendered":"Investigaci\u00f3n de accidentes de trabajo e incidentes"},"content":{"rendered":"\n<h6 class=\"wp-block-heading alignwide has-text-color has-link-color wp-elements-7f90e39c2d6ff17cc24780e37a5ee02e\" style=\"color:#d73333;margin-right:630px;margin-bottom:10px;padding-top:0;padding-right:0;padding-bottom:0;padding-left:0;font-size:clamp(14px, 0.875rem + ((1vw - 3.2px) * 0.313), 18px);font-style:normal;font-weight:400;line-height:1.2\">\u00c1REA SALUD \/ Centro de Salud Laboral Juana Portaceli<\/h6>\n\n\n\n<h2 class=\"wp-block-heading alignwide has-text-color has-link-color wp-elements-0f13caa27b14cfa11d033004d15de73a\" style=\"color:#d73333;margin-right:630px;padding-top:0;padding-right:0;padding-bottom:0;padding-left:0;font-size:clamp(18.959px, 1.185rem + ((1vw - 3.2px) * 0.863), 30px);line-height:1.2\">Investigaci\u00f3n de accidentes de trabajo<br>e incidentes<\/h2>\n\n\n\n<div class=\"wp-block-group alignwide has-foreground-color has-text-color has-link-color wp-elements-ca6c9469773f1a87c87101a36426612f is-vertical is-content-justification-left is-layout-flex wp-container-core-group-is-layout-0cce99b6 wp-block-group-is-layout-flex\" style=\"min-height:100%;margin-top:50px;margin-bottom:50px;padding-right:15.3%;padding-left:15.3%\">\n<p class=\"has-text-align-left has-text-color has-link-color wp-elements-91bd51a7405daeddaca5ca1e8b6d320a\" style=\"color:#000000;font-style:normal;font-weight:500\">Investigaci\u00f3n de accidentes de trabajo en cumplimiento de la Ley de Prevenci\u00f3n de Riesgos Laborales. Investigaci\u00f3n de incidentes (accidentes que no causan da\u00f1os personales) considerados de importancia. El objetivo de la investigaci\u00f3n es la identificaci\u00f3n de las causas, al objeto de minimizarlas y evitar que el accidente o incidente vuelva a producirse.<\/p>\n\n\n\n<div class=\"wp-block-columns is-layout-flex wp-container-core-columns-is-layout-c0dfa247 wp-block-columns-is-layout-flex\" style=\"padding-right:0px;padding-left:0px\">\n<div class=\"wp-block-column has-global-padding is-layout-constrained wp-block-column-is-layout-constrained\">\n<p class=\"has-text-align-left has-text-color has-link-color wp-elements-f15ecc43237106f0ffae0b00ec4e2e61\" style=\"color:#000000;font-style:normal;font-weight:700\">A qui\u00e9n va dirigido<\/p>\n\n\n\n<p class=\"has-text-color has-link-color wp-elements-85229dab35021e3538211e8e4e9126d2\" style=\"color:#000000\">Comunidad universitaria UPV<\/p>\n<\/div>\n<\/div>\n\n\n\n<div class=\"wp-block-columns is-layout-flex wp-container-core-columns-is-layout-c0dfa247 wp-block-columns-is-layout-flex\" style=\"padding-right:0px;padding-left:0px\">\n<div class=\"wp-block-column has-global-padding is-layout-constrained wp-block-column-is-layout-constrained\">\n<p class=\"has-text-align-left has-text-color has-link-color wp-elements-d1e94c7058f4105d00a4071ce6643b67\" style=\"color:#000000;font-style:normal;font-weight:700\">C\u00f3mo solicitarlo<\/p>\n\n\n\n<p class=\"has-text-align-left has-text-color has-link-color wp-elements-3439fd1966b032d83d26624d136d5100\" style=\"color:#000000;font-style:normal;font-weight:500\">Comunicaci\u00f3n del accidente o incidente: presencialmente al Centro de salud laboral o a trav\u00e9s de la p\u00e1gina web del SPRL.<br><em><a href=\"https:\/\/sipsl.webs.upv.es\/wp-content\/uploads\/2025\/04\/180309-Parte-interno-investigacion-accidentes.doc\" target=\"_blank\" rel=\"noreferrer noopener\">Formulario para la comunicaci\u00f3n del accidente<\/a><\/em><\/p>\n<\/div>\n<\/div>\n\n\n\n<div class=\"wp-block-columns is-layout-flex wp-container-core-columns-is-layout-c0dfa247 wp-block-columns-is-layout-flex\" style=\"padding-right:0px;padding-left:0px\">\n<div class=\"wp-block-column has-global-padding is-layout-constrained wp-block-column-is-layout-constrained\">\n<p class=\"has-text-align-left has-text-color has-link-color wp-elements-73e9b56a18603cebb9c4c4a2b10e4771\" style=\"color:#000000;font-style:normal;font-weight:700\">C\u00f3mo nos comunicamos contigo<\/p>\n\n\n\n<p class=\"has-text-align-left has-text-color has-link-color wp-elements-704f89839f6c55fe79bc61874c8fc1fd\" style=\"color:#000000;font-style:normal;font-weight:500\">Accidentes ocurridos a personal de la UPV: notificaci\u00f3n por escrito (carta y\/o correo electr\u00f3nico) del informe al usuario (si es personal UPV), al responsable de la unidad, al Comit\u00e9 de seguridad y salud y a los agentes implicados en la adopci\u00f3n de medidas correctoras.<\/p>\n<\/div>\n<\/div>\n\n\n\n<div class=\"wp-block-columns is-layout-flex wp-container-core-columns-is-layout-c0dfa247 wp-block-columns-is-layout-flex\" style=\"padding-right:0px;padding-left:0px\">\n<div class=\"wp-block-column has-global-padding is-layout-constrained wp-block-column-is-layout-constrained\">\n<p class=\"has-text-align-left has-text-color has-link-color wp-elements-b2ae6112ab6bb2bac78d2a2ffad0a811\" style=\"color:#000000;font-style:normal;font-weight:700\">Nos comprometemos a<\/p>\n\n\n\n<ul style=\"color:#000000\" class=\"wp-block-list has-text-color has-link-color wp-elements-6a46156abc2317440151c1391ecf1f02\">\n<li>Inicio de la investigaci\u00f3n del accidente o incidente: inmediata tras la comunicaci\u00f3n del mismo.<\/li>\n\n\n\n<li>Elaboraci\u00f3n del Informe de la investigaci\u00f3n y notificaci\u00f3n al usuario (si es personal UPV): 15 d\u00edas naturales. Si es necesario asesoramiento externo es posible que el plazo sea superior a 30 d\u00edas naturales. Excepto en el mes de agosto.<\/li>\n<\/ul>\n<\/div>\n<\/div>\n\n\n\n<div class=\"wp-block-columns is-layout-flex wp-container-core-columns-is-layout-c0dfa247 wp-block-columns-is-layout-flex\" style=\"padding-right:0px;padding-left:0px\">\n<div class=\"wp-block-column has-global-padding is-layout-constrained wp-block-column-is-layout-constrained\">\n<p class=\"has-text-align-left has-text-color has-link-color wp-elements-aa098bfc4d2b4e2f423e228e35d10ced\" style=\"color:#000000;font-style:normal;font-weight:700\">Horario de atenci\u00f3n<\/p>\n\n\n\n<p class=\"has-text-align-left has-text-color has-link-color wp-elements-b33fc13f9a35b7ab30f7ac6e83c30ebe\" style=\"color:#000000;font-style:normal;font-weight:500\">D\u00edas laborables de lunes a viernes de 8:30 a 14:00 horas.<\/p>\n<\/div>\n<\/div>\n<\/div>\n","protected":false},"excerpt":{"rendered":"<p>\u00c1REA SALUD \/ Centro de Salud Laboral Juana Portaceli Investigaci\u00f3n de accidentes de trabajoe incidentes Investigaci\u00f3n de accidentes de trabajo en cumplimiento de la Ley de Prevenci\u00f3n de Riesgos Laborales. Investigaci\u00f3n de incidentes (accidentes que no causan da\u00f1os personales) considerados de importancia. El objetivo de la investigaci\u00f3n es la identificaci\u00f3n de las causas, al objeto [&hellip;]<\/p>\n","protected":false},"author":1,"featured_media":0,"parent":0,"menu_order":0,"comment_status":"closed","ping_status":"closed","template":"","meta":{"_eb_attr":"","om_disable_all_campaigns":false,"_monsterinsights_skip_tracking":false,"_monsterinsights_sitenote_active":false,"_monsterinsights_sitenote_note":"","_monsterinsights_sitenote_category":0,"footnotes":""},"class_list":["post-678","page","type-page","status-publish","hentry"],"aioseo_notices":[],"_links":{"self":[{"href":"https:\/\/sipsl.webs.upv.es\/index.php\/wp-json\/wp\/v2\/pages\/678","targetHints":{"allow":["GET"]}}],"collection":[{"href":"https:\/\/sipsl.webs.upv.es\/index.php\/wp-json\/wp\/v2\/pages"}],"about":[{"href":"https:\/\/sipsl.webs.upv.es\/index.php\/wp-json\/wp\/v2\/types\/page"}],"author":[{"embeddable":true,"href":"https:\/\/sipsl.webs.upv.es\/index.php\/wp-json\/wp\/v2\/users\/1"}],"replies":[{"embeddable":true,"href":"https:\/\/sipsl.webs.upv.es\/index.php\/wp-json\/wp\/v2\/comments?post=678"}],"version-history":[{"count":12,"href":"https:\/\/sipsl.webs.upv.es\/index.php\/wp-json\/wp\/v2\/pages\/678\/revisions"}],"predecessor-version":[{"id":1130,"href":"https:\/\/sipsl.webs.upv.es\/index.php\/wp-json\/wp\/v2\/pages\/678\/revisions\/1130"}],"wp:attachment":[{"href":"https:\/\/sipsl.webs.upv.es\/index.php\/wp-json\/wp\/v2\/media?parent=678"}],"curies":[{"name":"wp","href":"https:\/\/api.w.org\/{rel}","templated":true}]}}