{"id":33,"date":"2025-04-07T13:38:29","date_gmt":"2025-04-07T13:38:29","guid":{"rendered":"https:\/\/sipsl.webs.upv.es\/?page_id=33"},"modified":"2025-04-15T15:43:32","modified_gmt":"2025-04-15T15:43:32","slug":"que-tareas-desarrolla","status":"publish","type":"page","link":"https:\/\/sipsl.webs.upv.es\/index.php\/que-tareas-desarrolla\/","title":{"rendered":"Qu\u00e9 tareas desarrolla"},"content":{"rendered":"\n<h6 class=\"wp-block-heading alignwide has-text-color has-link-color wp-elements-d81a35c3d7bed7a0469c7387255ec20b\" style=\"color:#d73333;margin-bottom:10px;padding-right:50%;padding-bottom:0;font-size:clamp(14px, 0.875rem + ((1vw - 3.2px) * 0.313), 18px);font-style:normal;font-weight:400;line-height:1.2\">SERVICIOS<\/h6>\n\n\n\n<h2 class=\"wp-block-heading alignwide has-text-color has-link-color has-inter-font-family wp-elements-5476457ef8bf8e4148f8546a9241637f\" style=\"border-style:none;border-width:0px;border-radius:0px;color:#d73333;margin-top:0px;margin-right:0px;margin-left:0px;padding-top:0px;padding-right:50%;padding-bottom:0px;padding-left:0px;font-size:clamp(18.959px, 1.185rem + ((1vw - 3.2px) * 0.863), 30px);line-height:1.2\">Qu\u00e9 tareas desarrolla el Servicio<br>Integrado de Prevenci\u00f3n y Salud Laboral<br>de la UPV (y cu\u00e1les NO)<\/h2>\n\n\n\n<div class=\"wp-block-group alignwide is-vertical is-layout-flex wp-container-core-group-is-layout-7564a04f wp-block-group-is-layout-flex\" style=\"margin-top:50px;margin-bottom:50px;padding-right:15%;padding-left:15%\">\n<p class=\"has-text-color has-link-color wp-elements-d34c07fc5dfd3fa5b8621fbf807983a4\" style=\"color:#000000;margin-top:0px\">El el Servicio Integrado de Prevenci\u00f3n y Salud Laboral de la UPV,&nbsp;efect\u00faa las siguientes actividades:<\/p>\n\n\n\n<ul style=\"margin-bottom:50px;line-height:1.75\" class=\"wp-block-list is-style-checkmark-list\">\n<li class=\"has-text-color has-link-color wp-elements-88992ec50c13c25b10133f574af34e31\" style=\"color:#000000\">Efect\u00faa las tomas de <strong>contacto con los Directores de Departamento<\/strong> y propone estructuras organizativas a los mismos, con la finalidad de iniciar las actividades de <strong>gesti\u00f3n de la prevenci\u00f3n en dichas entidades.<\/strong> Realiza la evaluaci\u00f3n de riesgos en Departamentos.<\/li>\n\n\n\n<li class=\"has-text-color has-link-color wp-elements-9c356ec4e7babb10748908998f4c64c7\" style=\"color:#000000;font-size:clamp(14px, 0.875rem + ((1vw - 3.2px) * 0.156), 16px);\">Propone las <strong>medidas correctoras<\/strong> destinadas a disminuir los niveles de riesgo detectados durante las evaluaciones de riesgo en Departamentos, conjuntamente con los representantes designados por los Departamentos para tal fin y con miembros de la UPV capaces de asumir una responsabilidad de ejecuci\u00f3n sobre diferentes tipos de actuaciones.<\/li>\n\n\n\n<li class=\"has-text-color has-link-color wp-elements-deb4efcf172fc85c25acd9d6c424bdb3\" style=\"color:#000000;font-size:clamp(14px, 0.875rem + ((1vw - 3.2px) * 0.156), 16px);\">Efect\u00faa el <strong>tratamiento inicial y el seguimiento<\/strong> de las situaciones catalogadas como <strong>Situaciones que Requieren Atenci\u00f3n Urgente (SRAU)<\/strong>, que son situaciones de especial gravedad.<\/li>\n\n\n\n<li class=\"has-text-color has-link-color wp-elements-fd63ebe771c6f21a17269bd657142217\" style=\"color:#000000;font-size:clamp(14px, 0.875rem + ((1vw - 3.2px) * 0.156), 16px);\">Efect\u00faa <strong>actuaciones inmediatas<\/strong> ante la detecci\u00f3n o la recepci\u00f3n de notificaciones acerca de actuaciones especialmente peligrosas en las que es preciso intervenir r\u00e1pidamente.<\/li>\n\n\n\n<li class=\"has-text-color has-link-color wp-elements-eefe73e7a41d5b7f526edff77653e5a4\" style=\"color:#000000;font-size:clamp(14px, 0.875rem + ((1vw - 3.2px) * 0.156), 16px);\"><strong>Recibe, trata y canaliza<\/strong> notificaciones acerca de diferentes tipos de deficiencias de seguridad, transmitidas por los miembros de la Comunidad Universitaria.<\/li>\n\n\n\n<li class=\"has-text-color has-link-color wp-elements-682118247dcd0281f69b75c449df66db\" style=\"color:#000000;font-size:clamp(14px, 0.875rem + ((1vw - 3.2px) * 0.156), 16px);\">Genera <strong>documentaci\u00f3n de car\u00e1cter t\u00e9cnico<\/strong> (Instrucciones Operativas, Pliegos de Especificaciones T\u00e9cnicas, Procedimientos, Manuales) para ser aplicados por los miembros de la Comunidad Universitaria tras ser presentados al Comit\u00e9 de Seguridad y Salud de la UPV.<\/li>\n\n\n\n<li class=\"has-text-color has-link-color wp-elements-e06a9bd9922aea3acce7644b75e7ded5\" style=\"color:#000000;font-size:clamp(14px, 0.875rem + ((1vw - 3.2px) * 0.156), 16px);\">Participa en la <strong>elaboraci\u00f3n de los Planes de Emergencia<\/strong> para las diferentes entidades de la UPV.<\/li>\n<\/ul>\n<\/div>\n","protected":false},"excerpt":{"rendered":"<p>SERVICIOS Qu\u00e9 tareas desarrolla el ServicioIntegrado de Prevenci\u00f3n y Salud Laboralde la UPV (y cu\u00e1les NO) El el Servicio Integrado de Prevenci\u00f3n y Salud Laboral de la UPV,&nbsp;efect\u00faa las siguientes actividades:<\/p>\n","protected":false},"author":1,"featured_media":0,"parent":0,"menu_order":0,"comment_status":"closed","ping_status":"closed","template":"blank","meta":{"_eb_attr":"","om_disable_all_campaigns":false,"_monsterinsights_skip_tracking":false,"_monsterinsights_sitenote_active":false,"_monsterinsights_sitenote_note":"","_monsterinsights_sitenote_category":0,"footnotes":""},"class_list":["post-33","page","type-page","status-publish","hentry"],"aioseo_notices":[],"_links":{"self":[{"href":"https:\/\/sipsl.webs.upv.es\/index.php\/wp-json\/wp\/v2\/pages\/33","targetHints":{"allow":["GET"]}}],"collection":[{"href":"https:\/\/sipsl.webs.upv.es\/index.php\/wp-json\/wp\/v2\/pages"}],"about":[{"href":"https:\/\/sipsl.webs.upv.es\/index.php\/wp-json\/wp\/v2\/types\/page"}],"author":[{"embeddable":true,"href":"https:\/\/sipsl.webs.upv.es\/index.php\/wp-json\/wp\/v2\/users\/1"}],"replies":[{"embeddable":true,"href":"https:\/\/sipsl.webs.upv.es\/index.php\/wp-json\/wp\/v2\/comments?post=33"}],"version-history":[{"count":22,"href":"https:\/\/sipsl.webs.upv.es\/index.php\/wp-json\/wp\/v2\/pages\/33\/revisions"}],"predecessor-version":[{"id":1289,"href":"https:\/\/sipsl.webs.upv.es\/index.php\/wp-json\/wp\/v2\/pages\/33\/revisions\/1289"}],"wp:attachment":[{"href":"https:\/\/sipsl.webs.upv.es\/index.php\/wp-json\/wp\/v2\/media?parent=33"}],"curies":[{"name":"wp","href":"https:\/\/api.w.org\/{rel}","templated":true}]}}