{"id":27,"date":"2025-03-28T11:31:40","date_gmt":"2025-03-28T11:31:40","guid":{"rendered":"https:\/\/sipsl.webs.upv.es\/?page_id=27"},"modified":"2025-04-10T09:20:26","modified_gmt":"2025-04-10T09:20:26","slug":"que-es","status":"publish","type":"page","link":"https:\/\/sipsl.webs.upv.es\/index.php\/que-es\/","title":{"rendered":"Qu\u00e9 es"},"content":{"rendered":"\n<h6 class=\"wp-block-heading alignwide has-text-color has-link-color wp-elements-796eb77dcbbc10f073efd927387188b5\" style=\"color:#d73333;margin-right:630px;margin-bottom:10px;padding-top:0;padding-right:0;padding-bottom:0;padding-left:0;font-size:clamp(14px, 0.875rem + ((1vw - 3.2px) * 0.313), 18px);font-style:normal;font-weight:400;line-height:1.2\">SERVICIOS<\/h6>\n\n\n\n<h2 class=\"wp-block-heading alignwide has-text-color has-link-color wp-elements-1918594c63928c84fcd96f7338618f59\" style=\"color:#d73333;margin-right:630px;padding-top:0;padding-right:0;padding-bottom:0;padding-left:0;font-size:clamp(18.959px, 1.185rem + ((1vw - 3.2px) * 0.863), 30px);line-height:1.2\">Qu\u00e9 es el Servicio Integrado<br>de Prevenci\u00f3n y Salud Laboral de la UPV<\/h2>\n\n\n\n<div class=\"wp-block-group alignwide has-foreground-color has-text-color has-link-color wp-elements-5c06f67cb0b546146e1e51e7d6243e8b is-vertical is-content-justification-left is-layout-flex wp-container-core-group-is-layout-4ef6e35c wp-block-group-is-layout-flex\" style=\"min-height:100%;margin-top:50px;margin-bottom:50px;padding-right:15.3%;padding-left:15.3%\">\n<p class=\"has-text-color has-link-color wp-elements-48436a3b459f89a7524e14a3c0968817\" style=\"color:#000000;font-style:normal;font-weight:500\">El Servicio Integrado de Prevenci\u00f3n y Salud Laboral de la UPV es una unidad organizativa espec\u00edfica dedicada de forma exclusiva a la prevenci\u00f3n de riesgos laborales ofreciendo asesoramiento t\u00e9cnico en las actividades propias de la Universitat.<\/p>\n\n\n\n<p class=\"has-text-align-left has-text-color has-link-color wp-elements-8f6852a3285a40b9dc937316477bb5d1\" style=\"color:#000000;font-style:normal;font-weight:500\">Los Servicios de Prevenci\u00f3n de Riesgos Laborales est\u00e1n sujetos reglamentaci\u00f3n y normativa, concretamente al Reglamento de los Servicios de Prevenci\u00f3n (Real Decreto 39\/1997). Este reglamento y m\u00e1s documentaci\u00f3n vinculada a los Servicis de Prevenci\u00f3n puede consultarse en el apartado de <a href=\"https:\/\/sipsl.webs.upv.es\/index.php\/https:\/\/sipsl.webs.upv.es\/index.php\/documentacion-tecnica-y-recursos\/\" data-type=\"page\" data-id=\"162\">Documentaci\u00f3n T\u00e9cnica y Recursos<\/a>.<\/p>\n\n\n\n<p><\/p>\n<\/div>\n","protected":false},"excerpt":{"rendered":"<p>SERVICIOS Qu\u00e9 es el Servicio Integradode Prevenci\u00f3n y Salud Laboral de la UPV El Servicio Integrado de Prevenci\u00f3n y Salud Laboral de la UPV es una unidad organizativa espec\u00edfica dedicada de forma exclusiva a la prevenci\u00f3n de riesgos laborales ofreciendo asesoramiento t\u00e9cnico en las actividades propias de la Universitat. Los Servicios de Prevenci\u00f3n de Riesgos [&hellip;]<\/p>\n","protected":false},"author":1,"featured_media":0,"parent":0,"menu_order":0,"comment_status":"closed","ping_status":"closed","template":"","meta":{"_eb_attr":"","om_disable_all_campaigns":false,"_monsterinsights_skip_tracking":false,"_monsterinsights_sitenote_active":false,"_monsterinsights_sitenote_note":"","_monsterinsights_sitenote_category":0,"footnotes":""},"class_list":["post-27","page","type-page","status-publish","hentry"],"aioseo_notices":[],"_links":{"self":[{"href":"https:\/\/sipsl.webs.upv.es\/index.php\/wp-json\/wp\/v2\/pages\/27","targetHints":{"allow":["GET"]}}],"collection":[{"href":"https:\/\/sipsl.webs.upv.es\/index.php\/wp-json\/wp\/v2\/pages"}],"about":[{"href":"https:\/\/sipsl.webs.upv.es\/index.php\/wp-json\/wp\/v2\/types\/page"}],"author":[{"embeddable":true,"href":"https:\/\/sipsl.webs.upv.es\/index.php\/wp-json\/wp\/v2\/users\/1"}],"replies":[{"embeddable":true,"href":"https:\/\/sipsl.webs.upv.es\/index.php\/wp-json\/wp\/v2\/comments?post=27"}],"version-history":[{"count":31,"href":"https:\/\/sipsl.webs.upv.es\/index.php\/wp-json\/wp\/v2\/pages\/27\/revisions"}],"predecessor-version":[{"id":824,"href":"https:\/\/sipsl.webs.upv.es\/index.php\/wp-json\/wp\/v2\/pages\/27\/revisions\/824"}],"wp:attachment":[{"href":"https:\/\/sipsl.webs.upv.es\/index.php\/wp-json\/wp\/v2\/media?parent=27"}],"curies":[{"name":"wp","href":"https:\/\/api.w.org\/{rel}","templated":true}]}}