{"id":163,"date":"2025-04-08T15:41:03","date_gmt":"2025-04-08T15:41:03","guid":{"rendered":"https:\/\/sipsl.webs.upv.es\/?page_id=163"},"modified":"2025-04-15T15:41:32","modified_gmt":"2025-04-15T15:41:32","slug":"seguridad-vial-plan-de-movilidad","status":"publish","type":"page","link":"https:\/\/sipsl.webs.upv.es\/index.php\/seguridad-vial-plan-de-movilidad\/","title":{"rendered":"Seguridad Vial &#8211; Plan de Movilidad\u2028"},"content":{"rendered":"\n<h2 class=\"wp-block-heading alignwide has-text-color has-link-color wp-elements-6cecc84b2ccbbace6b28910e38eaa156\" style=\"color:#d73333;margin-right:630px;padding-top:0;padding-right:0;padding-bottom:0;padding-left:0;font-size:clamp(18.959px, 1.185rem + ((1vw - 3.2px) * 0.863), 30px);line-height:1.2\">Seguridad Vial &#8211; Plan de movilidad<\/h2>\n\n\n\n<div class=\"wp-block-group alignwide has-foreground-color has-text-color has-link-color wp-elements-d0cca365cea25d373864b07b5a18647c is-vertical is-content-justification-left is-layout-flex wp-container-core-group-is-layout-21f263fc wp-block-group-is-layout-flex\" style=\"min-height:100%;margin-top:50px;margin-bottom:50px;padding-right:15.3%;padding-left:15.3%\">\n<p class=\"has-text-color has-link-color wp-elements-7fc192225cd38a98060049d79029c486\" style=\"color:#000000;font-style:normal;font-weight:500\">La Universitat Polit\u00e8cnica de Val\u00e8ncia (UPV) es una instituci\u00f3n comprometida con la seguridad y salud de sus trabajadores, y parte de ella se deriva en la seguridad vial, debido a los desplazamientos habituales para ir y volver del trabajo.<\/p>\n\n\n\n<p class=\"has-text-color has-link-color wp-elements-8b9e25e4291bedbec55374e78a52f8de\" style=\"color:#000000;font-style:normal;font-weight:500\">Debido a que muchos de los accidentes con baja sufridos por los trabajadores de la UPV lo son in itinere, se considera necesario establecer una campa\u00f1a de concienciaci\u00f3n al respecto del uso de veh\u00edculos.<\/p>\n\n\n\n<p class=\"has-text-color has-link-color wp-elements-fa96868e9860ec22887f3d48e9038bd1\" style=\"color:#000000;font-style:normal;font-weight:500\">Para ello, se ha trabajado en dos v\u00edas:<\/p>\n\n\n\n<ul class=\"wp-block-list\">\n<li>Junto con el \u00c1rea de Medio Ambiente, colaborando en el Plan Estrat\u00e9gico de Movilidad Sostenible de la UPV (2015-2020)<\/li>\n\n\n\n<li>Junto con la mutua <strong>umivale<\/strong>, que nos ha permitido, lo cual agradecemos, disponer de sus contenidos on line para su difusi\u00f3n entre la comunidad universitaria<\/li>\n<\/ul>\n\n\n\n<p class=\"has-text-color has-link-color wp-elements-9b4eb91b711397f4a4171b734cb70b73\" style=\"color:#000000;font-style:normal;font-weight:500\">La documentaci\u00f3n y el material audiovisual puede consultarse en los siguientes enlaces:<\/p>\n\n\n\n<ul class=\"wp-block-list\">\n<li><a href=\"https:\/\/www.upv.es\/entidades\/AMAPUOC\/infoweb\/ov\/info\/UPVMA-PLMOV-20161130.pdf\" target=\"_blank\" rel=\"noreferrer noopener\">Plan Estrat\u00e9gico de Movilidad Sostenible de la UPV (2015-2020)<\/a><\/li>\n\n\n\n<li><a href=\"https:\/\/www.sprl.upv.es\/material-audiovisual\">Material audiovisual<\/a><\/li>\n<\/ul>\n\n\n\n<p class=\"has-text-color has-link-color wp-elements-ec2347924c8b58e5570f54f7907dc2e5\" style=\"color:#000000;font-style:normal;font-weight:500\">Ya que los problemas de movilidad tambi\u00e9n se pueden presentar durante los desplazamientos internos dentro de los campus, si cualquier miembro de la UPV detecta alguna deficiencia en las v\u00edas internas de los campus de la UPV debe ponerla en conocimiento del Servicio de Mantenimiento para su subsanaci\u00f3n.<\/p>\n\n\n\n<p class=\"has-text-color has-link-color wp-elements-7f39985a5beb67dcaba761843af9329c\" style=\"color:#000000;font-style:normal;font-weight:500\"><a href=\"https:\/\/sipsl.webs.upv.es\/wp-content\/uploads\/2025\/04\/seguridad-vial-20181203.pdf\">Recordatorio normas de seguridad vial en el interior del Campus de Vera.<\/a><\/p>\n<\/div>\n","protected":false},"excerpt":{"rendered":"<p>Seguridad Vial &#8211; Plan de movilidad La Universitat Polit\u00e8cnica de Val\u00e8ncia (UPV) es una instituci\u00f3n comprometida con la seguridad y salud de sus trabajadores, y parte de ella se deriva en la seguridad vial, debido a los desplazamientos habituales para ir y volver del trabajo. Debido a que muchos de los accidentes con baja sufridos [&hellip;]<\/p>\n","protected":false},"author":1,"featured_media":0,"parent":0,"menu_order":0,"comment_status":"closed","ping_status":"closed","template":"","meta":{"_eb_attr":"","om_disable_all_campaigns":false,"_monsterinsights_skip_tracking":false,"_monsterinsights_sitenote_active":false,"_monsterinsights_sitenote_note":"","_monsterinsights_sitenote_category":0,"footnotes":""},"class_list":["post-163","page","type-page","status-publish","hentry"],"aioseo_notices":[],"_links":{"self":[{"href":"https:\/\/sipsl.webs.upv.es\/index.php\/wp-json\/wp\/v2\/pages\/163","targetHints":{"allow":["GET"]}}],"collection":[{"href":"https:\/\/sipsl.webs.upv.es\/index.php\/wp-json\/wp\/v2\/pages"}],"about":[{"href":"https:\/\/sipsl.webs.upv.es\/index.php\/wp-json\/wp\/v2\/types\/page"}],"author":[{"embeddable":true,"href":"https:\/\/sipsl.webs.upv.es\/index.php\/wp-json\/wp\/v2\/users\/1"}],"replies":[{"embeddable":true,"href":"https:\/\/sipsl.webs.upv.es\/index.php\/wp-json\/wp\/v2\/comments?post=163"}],"version-history":[{"count":6,"href":"https:\/\/sipsl.webs.upv.es\/index.php\/wp-json\/wp\/v2\/pages\/163\/revisions"}],"predecessor-version":[{"id":1288,"href":"https:\/\/sipsl.webs.upv.es\/index.php\/wp-json\/wp\/v2\/pages\/163\/revisions\/1288"}],"wp:attachment":[{"href":"https:\/\/sipsl.webs.upv.es\/index.php\/wp-json\/wp\/v2\/media?parent=163"}],"curies":[{"name":"wp","href":"https:\/\/api.w.org\/{rel}","templated":true}]}}