{"id":155,"date":"2025-04-15T13:33:53","date_gmt":"2025-04-15T13:33:53","guid":{"rendered":"https:\/\/sipsl.webs.upv.es\/?page_id=155"},"modified":"2025-04-17T08:00:11","modified_gmt":"2025-04-17T08:00:11","slug":"area-salud","status":"publish","type":"page","link":"https:\/\/sipsl.webs.upv.es\/index.php\/ca\/area-salud\/","title":{"rendered":"\u00c1rea salud"},"content":{"rendered":"\n<h6 class=\"wp-block-heading alignwide has-text-color has-link-color wp-elements-8de55ff61f5068929c40bf036fe09853\" style=\"color:#d73333;margin-right:630px;margin-bottom:10px;padding-top:0;padding-right:0;padding-bottom:0;padding-left:0;font-size:clamp(14px, 0.875rem + ((1vw - 3.2px) * 0.313), 18px);font-style:normal;font-weight:400;line-height:1.2\">\u00e1rea salud<\/h6>\n\n\n\n<h2 class=\"wp-block-heading alignwide has-text-color has-link-color wp-elements-a725dbd106f1ff9c611da596d7277477\" style=\"color:#d73333\">Centro de Salud Laboral Juana Portaceli<\/h2>\n\n\n\n<div class=\"wp-block-group alignwide has-foreground-color has-text-color has-link-color wp-elements-524ba64da1eb7f807b6c381ad2c85cf4 is-vertical is-content-justification-left is-layout-flex wp-container-core-group-is-layout-85d2ec51 wp-block-group-is-layout-flex\" style=\"min-height:100%;margin-top:50px;margin-bottom:50px;padding-right:15.3%;padding-left:15.3%\">\n<p class=\"has-text-align-left has-text-color has-link-color wp-elements-9ce0c08bb91b15177b765757a488b91e\" style=\"color:#000000;font-style:normal;font-weight:500\">El Centro de Salud Laboral Juana Portaceli es la unidad m\u00e9dica del Servicio Integrado de Prevenci\u00f3n y Salud Laboral que realiza las tareas propias establecidas en la normativa de prevenci\u00f3n de riesgos laborales, as\u00ed como asistencia m\u00e9dica, asesoramiento m\u00e9dico y promoci\u00f3n de la salud a toda la comunidad universitaria.<\/p>\n\n\n\n<p class=\"has-text-align-left has-text-color has-link-color wp-elements-70598481c93750b506e83a7ca444505d\" style=\"color:#000000;font-style:normal;font-weight:700\">Algunas funcionalidades de esta p\u00e1gina est\u00e1n soportadas mediante la p\u00e1gina web del Servicio de Prevenci\u00f3n de Riesgos Laborales.<\/p>\n\n\n\n<div class=\"wp-block-group alignwide is-layout-grid wp-container-core-group-is-layout-ac659fb3 wp-block-group-is-layout-grid\" style=\"min-height:210px;margin-top:40px;margin-bottom:50px;padding-top:0px;padding-bottom:0px\">\n<div class=\"wp-block-cover has-custom-content-position is-position-top-left wp-container-content-2f7b4afd\" style=\"min-height:210px;aspect-ratio:unset;\"><img loading=\"lazy\" decoding=\"async\" width=\"1024\" height=\"666\" class=\"wp-block-cover__image-background wp-image-1427 size-large\" alt=\"\" src=\"https:\/\/sipsl.webs.upv.es\/wp-content\/uploads\/2025\/04\/DSC00096-1024x666.jpg\" data-object-fit=\"cover\" srcset=\"https:\/\/sipsl.webs.upv.es\/wp-content\/uploads\/2025\/04\/DSC00096-1024x666.jpg 1024w, https:\/\/sipsl.webs.upv.es\/wp-content\/uploads\/2025\/04\/DSC00096-300x195.jpg 300w, https:\/\/sipsl.webs.upv.es\/wp-content\/uploads\/2025\/04\/DSC00096-768x499.jpg 768w, https:\/\/sipsl.webs.upv.es\/wp-content\/uploads\/2025\/04\/DSC00096-1536x998.jpg 1536w, https:\/\/sipsl.webs.upv.es\/wp-content\/uploads\/2025\/04\/DSC00096.jpg 2000w\" sizes=\"auto, (max-width: 1024px) 100vw, 1024px\" \/><span aria-hidden=\"true\" class=\"wp-block-cover__background has-background-dim-60 has-background-dim\" style=\"background-color:#d73333\"><\/span><div class=\"wp-block-cover__inner-container has-global-padding is-layout-constrained wp-block-cover-is-layout-constrained\">\n<p class=\"has-text-align-left has-background-color has-text-color has-link-color wp-elements-41db0c08c2de9b33342d989cc23f4483\" style=\"font-size:clamp(18.959px, 1.185rem + ((1vw - 3.2px) * 0.863), 30px);font-style:normal;font-weight:700;line-height:1.2\"><a href=\"https:\/\/sipsl.webs.upv.es\/index.php\/atencion-al-usuario\" data-type=\"page\" data-id=\"555\">Atenci\u00f3n al usuario<\/a><\/p>\n<\/div><\/div>\n\n\n\n<div class=\"wp-block-cover has-custom-content-position is-position-top-left wp-container-content-2f7b4afd\" style=\"min-height:210px;aspect-ratio:unset;\"><img loading=\"lazy\" decoding=\"async\" width=\"1024\" height=\"683\" class=\"wp-block-cover__image-background wp-image-1411 size-large\" alt=\"\" src=\"https:\/\/sipsl.webs.upv.es\/wp-content\/uploads\/2025\/04\/IMG_3117-1024x683.jpg\" data-object-fit=\"cover\" srcset=\"https:\/\/sipsl.webs.upv.es\/wp-content\/uploads\/2025\/04\/IMG_3117-1024x683.jpg 1024w, https:\/\/sipsl.webs.upv.es\/wp-content\/uploads\/2025\/04\/IMG_3117-300x200.jpg 300w, https:\/\/sipsl.webs.upv.es\/wp-content\/uploads\/2025\/04\/IMG_3117-768x512.jpg 768w, https:\/\/sipsl.webs.upv.es\/wp-content\/uploads\/2025\/04\/IMG_3117-1536x1024.jpg 1536w, https:\/\/sipsl.webs.upv.es\/wp-content\/uploads\/2025\/04\/IMG_3117-2048x1366.jpg 2048w\" sizes=\"auto, (max-width: 1024px) 100vw, 1024px\" \/><span aria-hidden=\"true\" class=\"wp-block-cover__background has-background-dim\" style=\"background-color:#d73333\"><\/span><div class=\"wp-block-cover__inner-container has-global-padding is-layout-constrained wp-block-cover-is-layout-constrained\">\n<p class=\"has-text-align-left has-background-color has-text-color has-link-color wp-elements-cb5f4bfa3ee65e2c6c9b126591af7e7d\" style=\"font-size:clamp(18.959px, 1.185rem + ((1vw - 3.2px) * 0.863), 30px);font-style:normal;font-weight:700\"><a href=\"https:\/\/sipsl.webs.upv.es\/index.php\/campanas\" data-type=\"page\" data-id=\"33\">Campa\u00f1as<\/a><\/p>\n<\/div><\/div>\n\n\n\n<div class=\"wp-block-cover is-light has-custom-content-position is-position-top-left wp-container-content-2f7b4afd\" style=\"min-height:210px;aspect-ratio:unset;\"><img loading=\"lazy\" decoding=\"async\" width=\"1024\" height=\"683\" class=\"wp-block-cover__image-background wp-image-1414 size-large\" alt=\"\" src=\"https:\/\/sipsl.webs.upv.es\/wp-content\/uploads\/2025\/04\/UPV-CAMPUS-VERA-011-1024x683.jpg\" data-object-fit=\"cover\" srcset=\"https:\/\/sipsl.webs.upv.es\/wp-content\/uploads\/2025\/04\/UPV-CAMPUS-VERA-011-1024x683.jpg 1024w, https:\/\/sipsl.webs.upv.es\/wp-content\/uploads\/2025\/04\/UPV-CAMPUS-VERA-011-300x200.jpg 300w, https:\/\/sipsl.webs.upv.es\/wp-content\/uploads\/2025\/04\/UPV-CAMPUS-VERA-011-768x512.jpg 768w, https:\/\/sipsl.webs.upv.es\/wp-content\/uploads\/2025\/04\/UPV-CAMPUS-VERA-011-1536x1024.jpg 1536w, https:\/\/sipsl.webs.upv.es\/wp-content\/uploads\/2025\/04\/UPV-CAMPUS-VERA-011-2048x1365.jpg 2048w\" sizes=\"auto, (max-width: 1024px) 100vw, 1024px\" \/><span aria-hidden=\"true\" class=\"wp-block-cover__background has-background-dim\" style=\"background-color:#d73333\"><\/span><div class=\"wp-block-cover__inner-container has-global-padding is-layout-constrained wp-block-cover-is-layout-constrained\">\n<p class=\"has-text-align-left has-background-color has-text-color has-link-color wp-elements-568a304d6e213defba54acd8be31fb5a\" style=\"font-size:clamp(18.959px, 1.185rem + ((1vw - 3.2px) * 0.863), 30px);font-style:normal;font-weight:700;line-height:1.2\"><a href=\"https:\/\/sipsl.webs.upv.es\/index.php\/servicios-prestados\" data-type=\"page\" data-id=\"33\">Servicios prestados<\/a><\/p>\n<\/div><\/div>\n\n\n\n<div class=\"wp-block-cover has-custom-content-position is-position-top-left wp-container-content-4204cc68\" style=\"min-height:210px;aspect-ratio:unset;\"><img loading=\"lazy\" decoding=\"async\" width=\"836\" height=\"1024\" class=\"wp-block-cover__image-background wp-image-1406 size-large\" alt=\"\" src=\"https:\/\/sipsl.webs.upv.es\/wp-content\/uploads\/2025\/04\/CPI-2022_2-836x1024.jpg\" data-object-fit=\"cover\" srcset=\"https:\/\/sipsl.webs.upv.es\/wp-content\/uploads\/2025\/04\/CPI-2022_2-836x1024.jpg 836w, https:\/\/sipsl.webs.upv.es\/wp-content\/uploads\/2025\/04\/CPI-2022_2-245x300.jpg 245w, https:\/\/sipsl.webs.upv.es\/wp-content\/uploads\/2025\/04\/CPI-2022_2-768x941.jpg 768w, https:\/\/sipsl.webs.upv.es\/wp-content\/uploads\/2025\/04\/CPI-2022_2-1254x1536.jpg 1254w, https:\/\/sipsl.webs.upv.es\/wp-content\/uploads\/2025\/04\/CPI-2022_2.jpg 1500w\" sizes=\"auto, (max-width: 836px) 100vw, 836px\" \/><span aria-hidden=\"true\" class=\"wp-block-cover__background has-background-dim-60 has-background-dim\" style=\"background-color:#d73333\"><\/span><div class=\"wp-block-cover__inner-container has-global-padding is-layout-constrained wp-block-cover-is-layout-constrained\">\n<p class=\"has-text-align-left has-background-color has-text-color has-link-color wp-elements-d45db58c270b35b93d5af6c053c82312\" style=\"font-size:clamp(18.959px, 1.185rem + ((1vw - 3.2px) * 0.863), 30px);font-style:normal;font-weight:700;line-height:1.2\"><a href=\"https:\/\/sipsl.webs.upv.es\/index.php\/investigacion-de-accidentes-de-trabajo-e-incidentes\" data-type=\"page\" data-id=\"147\">Investigaci\u00f3n de accidentes de trabajo e incidentes<\/a><\/p>\n<\/div><\/div>\n\n\n\n<div class=\"wp-block-cover has-custom-content-position is-position-top-left wp-container-content-4204cc68\" style=\"min-height:210px;aspect-ratio:unset;\"><img loading=\"lazy\" decoding=\"async\" width=\"678\" height=\"1024\" class=\"wp-block-cover__image-background wp-image-1412 size-large\" alt=\"\" src=\"https:\/\/sipsl.webs.upv.es\/wp-content\/uploads\/2025\/04\/UPV-CAMPUS-VERA-004-678x1024.jpg\" style=\"object-position:45% 37%\" data-object-fit=\"cover\" data-object-position=\"45% 37%\" srcset=\"https:\/\/sipsl.webs.upv.es\/wp-content\/uploads\/2025\/04\/UPV-CAMPUS-VERA-004-678x1024.jpg 678w, https:\/\/sipsl.webs.upv.es\/wp-content\/uploads\/2025\/04\/UPV-CAMPUS-VERA-004-199x300.jpg 199w, https:\/\/sipsl.webs.upv.es\/wp-content\/uploads\/2025\/04\/UPV-CAMPUS-VERA-004-768x1160.jpg 768w, https:\/\/sipsl.webs.upv.es\/wp-content\/uploads\/2025\/04\/UPV-CAMPUS-VERA-004.jpg 1000w\" sizes=\"auto, (max-width: 678px) 100vw, 678px\" \/><span aria-hidden=\"true\" class=\"wp-block-cover__background has-background-dim-60 has-background-dim\" style=\"background-color:#d73333\"><\/span><div class=\"wp-block-cover__inner-container has-global-padding is-layout-constrained wp-block-cover-is-layout-constrained\">\n<p class=\"has-text-align-left has-background-color has-text-color has-link-color wp-elements-35122db02e84bb3fe43adc02ce79f49c\" style=\"font-size:clamp(18.959px, 1.185rem + ((1vw - 3.2px) * 0.863), 30px);font-style:normal;font-weight:700;line-height:1.2\"><a href=\"https:\/\/sipsl.webs.upv.es\/index.php\/universidades-saludables\" data-type=\"page\" data-id=\"33\">Universidades saludables<\/a><\/p>\n<\/div><\/div>\n<\/div>\n<\/div>\n","protected":false},"excerpt":{"rendered":"<p>\u00e1rea salud Centro de Salud Laboral Juana Portaceli El Centro de Salud Laboral Juana Portaceli es la unidad m\u00e9dica del Servicio Integrado de Prevenci\u00f3n y Salud Laboral que realiza las tareas propias establecidas en la normativa de prevenci\u00f3n de riesgos laborales, as\u00ed como asistencia m\u00e9dica, asesoramiento m\u00e9dico y promoci\u00f3n de la salud a toda la [&hellip;]<\/p>\n","protected":false},"author":1,"featured_media":0,"parent":0,"menu_order":0,"comment_status":"closed","ping_status":"closed","template":"","meta":{"_eb_attr":"","om_disable_all_campaigns":false,"_monsterinsights_skip_tracking":false,"_monsterinsights_sitenote_active":false,"_monsterinsights_sitenote_note":"","_monsterinsights_sitenote_category":0,"footnotes":""},"class_list":["post-155","page","type-page","status-publish","hentry"],"aioseo_notices":[],"_links":{"self":[{"href":"https:\/\/sipsl.webs.upv.es\/index.php\/wp-json\/wp\/v2\/pages\/155","targetHints":{"allow":["GET"]}}],"collection":[{"href":"https:\/\/sipsl.webs.upv.es\/index.php\/wp-json\/wp\/v2\/pages"}],"about":[{"href":"https:\/\/sipsl.webs.upv.es\/index.php\/wp-json\/wp\/v2\/types\/page"}],"author":[{"embeddable":true,"href":"https:\/\/sipsl.webs.upv.es\/index.php\/wp-json\/wp\/v2\/users\/1"}],"replies":[{"embeddable":true,"href":"https:\/\/sipsl.webs.upv.es\/index.php\/wp-json\/wp\/v2\/comments?post=155"}],"version-history":[{"count":15,"href":"https:\/\/sipsl.webs.upv.es\/index.php\/wp-json\/wp\/v2\/pages\/155\/revisions"}],"predecessor-version":[{"id":1442,"href":"https:\/\/sipsl.webs.upv.es\/index.php\/wp-json\/wp\/v2\/pages\/155\/revisions\/1442"}],"wp:attachment":[{"href":"https:\/\/sipsl.webs.upv.es\/index.php\/wp-json\/wp\/v2\/media?parent=155"}],"curies":[{"name":"wp","href":"https:\/\/api.w.org\/{rel}","templated":true}]}}