{"id":147,"date":"2025-04-07T10:35:00","date_gmt":"2025-04-07T10:35:00","guid":{"rendered":"https:\/\/sipsl.webs.upv.es\/?page_id=147"},"modified":"2025-04-14T14:34:53","modified_gmt":"2025-04-14T14:34:53","slug":"comite-de-seguridad-y-salud","status":"publish","type":"page","link":"https:\/\/sipsl.webs.upv.es\/index.php\/comite-de-seguridad-y-salud\/","title":{"rendered":"Comit\u00e9 de Seguridad y Salud de la UPV"},"content":{"rendered":"\n<h6 class=\"wp-block-heading alignwide has-text-color has-link-color wp-elements-0f9b453ccc32234c587fac2203af12ac\" style=\"color:#d73333;margin-right:630px;margin-bottom:10px;padding-top:0;padding-right:0;padding-bottom:0;padding-left:0;font-size:clamp(14px, 0.875rem + ((1vw - 3.2px) * 0.313), 18px);font-style:normal;font-weight:400;line-height:1.2\">informaci\u00f3n institucional<\/h6>\n\n\n\n<h2 class=\"wp-block-heading alignwide has-text-color has-link-color wp-elements-7ac2d5a1bb11bfbf5b9088a0d96086cc\" style=\"color:#d73333;margin-right:630px;padding-top:0;padding-right:0;padding-bottom:0;padding-left:0;font-size:clamp(18.959px, 1.185rem + ((1vw - 3.2px) * 0.863), 30px);line-height:1.2\">\u00d3rganos de Participaci\u00f3n y<br>Representaci\u00f3n (Comit\u00e9 de Seguridad y<br>Salud de la UPV \/\/ CSS &#8211; UPV)<\/h2>\n\n\n\n<div class=\"wp-block-group alignwide has-foreground-color has-text-color has-link-color wp-elements-8db8943fc3c6954869e8537e6ecedef4 is-vertical is-content-justification-left is-layout-flex wp-container-core-group-is-layout-4ef6e35c wp-block-group-is-layout-flex\" style=\"min-height:100%;margin-top:50px;margin-bottom:50px;padding-right:15.3%;padding-left:15.3%\">\n<details class=\"wp-block-details alignwide has-text-color has-link-color wp-elements-152ab060b4c8ef0a59c84a208fe535ed is-layout-flow wp-container-core-details-is-layout-e38e6d2d wp-block-details-is-layout-flow\" style=\"color:#000000;font-style:normal;font-weight:700\" open><summary>Qu\u00e9 es el Comit\u00e9 de Seguridad y Salud de la UPV (CSS &#8211; UPV)<\/summary>\n<div class=\"wp-block-group has-global-padding is-layout-constrained wp-container-core-group-is-layout-3b0f2f7d wp-block-group-is-layout-constrained\" style=\"padding-right:20px;padding-left:20px\">\n<p class=\"has-text-color has-link-color wp-elements-a7de850a0f5908bb4223c64d97f6b249\" style=\"color:#000000;font-size:clamp(14px, 0.875rem + ((1vw - 3.2px) * 0.234), 17px);font-style:normal;font-weight:500\">El organismo conocido como Comit\u00e9 de Seguridad y Salud tiene su origen en la Ley de Prevenci\u00f3n de Riesgos Laborales, Ley 31\/95 de 8 de noviembre, que desarrolla en sus Art\u00edculos 38, 39 y 40, sus caracter\u00edsticas, competencias y facultades.<\/p>\n\n\n\n<p class=\"has-text-color has-link-color wp-elements-2f017d74a54506ded6344dfacb283ec9\" style=\"color:#000000;font-size:clamp(14px, 0.875rem + ((1vw - 3.2px) * 0.234), 17px);font-style:normal;font-weight:500\">El Comit\u00e9 de Seguridad y Salud de la Universidad Polit\u00e9cnica de Valencia es el \u00f3rgano de participaci\u00f3n destinado a consulta regular y peri\u00f3dica de las actuaciones de la U.P.V. en materia de prevenci\u00f3n de riesgos laborales.<\/p>\n\n\n\n<p class=\"has-text-color has-link-color wp-elements-1c53c763589e90956db992e0b302b67b\" style=\"color:#000000;font-style:normal;font-weight:500\">El C.S.S. de la U.P.V. fue constituido en fecha de 29 de octubre de 1.997<\/p>\n<\/div>\n<\/details>\n\n\n\n<hr class=\"wp-block-separator has-alpha-channel-opacity is-style-wide\" style=\"margin-top:20px;margin-bottom:20px\"\/>\n\n\n\n<details class=\"wp-block-details alignwide has-text-color has-link-color wp-elements-159ee7f1cd40be585517846e3ac8cdb5 is-layout-flow wp-container-core-details-is-layout-e38e6d2d wp-block-details-is-layout-flow\" style=\"color:#000000;font-style:normal;font-weight:700\"><summary>Qui\u00e9nes componen el CSS &#8211; UPV<\/summary>\n<div class=\"wp-block-group has-global-padding is-layout-constrained wp-container-core-group-is-layout-3b0f2f7d wp-block-group-is-layout-constrained\" style=\"padding-right:20px;padding-left:20px\">\n<p class=\"has-text-color has-link-color wp-elements-75a1ccb05df397758d2ef70bbbbebb45\" style=\"color:#000000;font-size:clamp(14px, 0.875rem + ((1vw - 3.2px) * 0.234), 17px);font-style:normal;font-weight:500\">El Comit\u00e9 de Seguridad y Salud de la UPV es un \u00f3rgano paritario, es decir, est\u00e1 constituido tanto por los representantes de los trabajadores como por los representantes de la Universidad Polit\u00e9cnica de Valencia como empresa, Los dos grupos est\u00e1n presentes en igual n\u00famero, con los mismos derechos de participaci\u00f3n.<\/p>\n\n\n\n<p class=\"has-text-color has-link-color wp-elements-d6e558ce58a990b34520f01e4298e696\" style=\"color:#000000;font-style:normal;font-weight:500\">Sucede a menudo que a las reuniones del Comit\u00e9 de Seguridad y Salud de la UPV acudan, a petici\u00f3n de los miembros que componen el mismo, Delegados Sindicales y\/o personal T\u00e9cnico de la UPV o ajenos a la misma. En este caso, debe decirse que estas personas participan con voz pero sin voto en el mismo.<\/p>\n<\/div>\n<\/details>\n\n\n\n<hr class=\"wp-block-separator has-alpha-channel-opacity is-style-wide\" style=\"margin-top:20px;margin-bottom:20px\"\/>\n\n\n\n<details class=\"wp-block-details alignwide has-text-color has-link-color wp-elements-66172a7849f684942456ade34cdef2a6 is-layout-flow wp-container-core-details-is-layout-e38e6d2d wp-block-details-is-layout-flow\" style=\"color:#000000;font-style:normal;font-weight:700\"><summary>Qu\u00e9 hace el CSS &#8211; UPV<\/summary>\n<div class=\"wp-block-group has-global-padding is-layout-constrained wp-container-core-group-is-layout-3b0f2f7d wp-block-group-is-layout-constrained\" style=\"padding-right:20px;padding-left:20px\">\n<p class=\"has-text-color has-link-color wp-elements-8019811499691db815916c45ea2cd9e1\" style=\"color:#000000;font-size:clamp(14px, 0.875rem + ((1vw - 3.2px) * 0.234), 17px);font-style:normal;font-weight:500\">B\u00e1sicamente, el Comit\u00e9 de Seguridad y Salud de la UPV&nbsp;<em>(y su Permanente)<\/em>&nbsp;sirve para que diferentes medidas o iniciativas que, o bien ya se han puesto en marcha, o bien se pretende llevar a cabo, sean presentadas, discutidas, objetadas, aprobadas o rechazadas.B\u00e1sicamente, el Comit\u00e9 de Seguridad y Salud de la UPV&nbsp;<em>(y su Permanente)<\/em>&nbsp;sirve para que diferentes medidas o iniciativas que, o bien ya se han puesto en marcha, o bien se pretende llevar a cabo, sean presentadas, discutidas, objetadas, aprobadas o rechazadas.<\/p>\n<\/div>\n<\/details>\n\n\n\n<hr class=\"wp-block-separator has-alpha-channel-opacity is-style-wide\" style=\"margin-top:20px;margin-bottom:20px\"\/>\n\n\n\n<details class=\"wp-block-details alignwide has-text-color has-link-color wp-elements-16c9e16c74ac352153a151de43f71f58 is-layout-flow wp-container-core-details-is-layout-e38e6d2d wp-block-details-is-layout-flow\" style=\"color:#000000;font-style:normal;font-weight:700\"><summary>Con qu\u00e9 periodicidad se re\u00fane el CSS &#8211; UPV<\/summary>\n<div class=\"wp-block-group has-global-padding is-layout-constrained wp-container-core-group-is-layout-3b0f2f7d wp-block-group-is-layout-constrained\" style=\"padding-right:20px;padding-left:20px\">\n<p class=\"has-text-color has-link-color wp-elements-70419baed581473390b4f13ef7a5aef1\" style=\"color:#000000;font-size:clamp(14px, 0.875rem + ((1vw - 3.2px) * 0.234), 17px);font-style:normal;font-weight:500\">La parte del Comit\u00e9 de Seguridad y Salud de la UPV conocida como Permanente, est\u00e1 constituida por un m\u00ednimo de personas, todas ellas miembros del C.S.S. Se re\u00fane con car\u00e1cter&nbsp;mensual, y en ellas prevalece la exposici\u00f3n y tratamiento de actuaciones vinculadas a la Seguridad y Salud laboral en el nivel t\u00e1ctico (actuaciones con repercusi\u00f3n puntual).<\/p>\n\n\n\n<p class=\"has-text-color has-link-color wp-elements-0d9d1508b59c3c2ab5a0de4dc7172a6b\" style=\"color:#000000;font-size:clamp(14px, 0.875rem + ((1vw - 3.2px) * 0.234), 17px);font-style:normal;font-weight:500\">Todo el comit\u00e9 de Seguridad y Salud de la UPV se re\u00fane con car\u00e1cter&nbsp;trimestral. En estas reuniones prevalece la exposici\u00f3n y tratamiento de actuaciones vinculadas a la Seguridad y Salud laboral en el nivel estrat\u00e9gico (actuaciones con repercusi\u00f3n global).<\/p>\n<\/div>\n<\/details>\n<\/div>\n\n\n\n<p class=\"has-text-color has-link-color wp-elements-46c238e0501c5d0ce5e205bb1ac00653\" style=\"color:#000000\"><\/p>\n\n\n\n<div class=\"wp-block-group alignwide is-layout-grid wp-container-core-group-is-layout-734a981c wp-block-group-is-layout-grid\" style=\"min-height:130px;margin-top:40px;margin-bottom:50px;padding-top:0px;padding-right:15%;padding-bottom:0px;padding-left:15%\">\n<div class=\"wp-block-cover has-custom-content-position is-position-top-left wp-container-content-b934bebc\" style=\"min-height:130px;aspect-ratio:unset;\"><span aria-hidden=\"true\" class=\"wp-block-cover__background has-background-dim-100 has-background-dim\" style=\"background-color:#d73333\"><\/span><div class=\"wp-block-cover__inner-container has-global-padding is-layout-constrained wp-container-core-cover-is-layout-081cea82 wp-block-cover-is-layout-constrained\">\n<p class=\"has-text-align-left has-background-color has-text-color has-link-color wp-elements-57f42b4b5b188885177569cda8ad9765\" style=\"font-size:clamp(18.959px, 1.185rem + ((1vw - 3.2px) * 0.863), 30px);font-style:normal;font-weight:700;line-height:1.2\">acta constituci\u00f3n CSS<\/p>\n<\/div><\/div>\n\n\n\n<div class=\"wp-block-cover has-custom-content-position is-position-top-left wp-container-content-b934bebc\" style=\"min-height:130px;aspect-ratio:unset;\"><span aria-hidden=\"true\" class=\"wp-block-cover__background has-background-dim-100 has-background-dim\" style=\"background-color:#d73333\"><\/span><div class=\"wp-block-cover__inner-container has-global-padding is-layout-constrained wp-container-core-cover-is-layout-081cea82 wp-block-cover-is-layout-constrained\">\n<p class=\"has-text-align-left has-background-color has-text-color has-link-color wp-elements-99a51215dab02700fd6471482fe03fba\" style=\"font-size:clamp(18.959px, 1.185rem + ((1vw - 3.2px) * 0.863), 30px);font-style:normal;font-weight:700;line-height:1.2\">acta comunicaci\u00f3n CSS Conselleria<\/p>\n<\/div><\/div>\n<\/div>\n\n\n\n<p><\/p>\n","protected":false},"excerpt":{"rendered":"<p>informaci\u00f3n institucional \u00d3rganos de Participaci\u00f3n yRepresentaci\u00f3n (Comit\u00e9 de Seguridad ySalud de la UPV \/\/ CSS &#8211; UPV)<\/p>\n","protected":false},"author":1,"featured_media":0,"parent":0,"menu_order":0,"comment_status":"closed","ping_status":"closed","template":"","meta":{"_eb_attr":"","om_disable_all_campaigns":false,"_monsterinsights_skip_tracking":false,"_monsterinsights_sitenote_active":false,"_monsterinsights_sitenote_note":"","_monsterinsights_sitenote_category":0,"footnotes":""},"class_list":["post-147","page","type-page","status-publish","hentry"],"aioseo_notices":[],"_links":{"self":[{"href":"https:\/\/sipsl.webs.upv.es\/index.php\/wp-json\/wp\/v2\/pages\/147","targetHints":{"allow":["GET"]}}],"collection":[{"href":"https:\/\/sipsl.webs.upv.es\/index.php\/wp-json\/wp\/v2\/pages"}],"about":[{"href":"https:\/\/sipsl.webs.upv.es\/index.php\/wp-json\/wp\/v2\/types\/page"}],"author":[{"embeddable":true,"href":"https:\/\/sipsl.webs.upv.es\/index.php\/wp-json\/wp\/v2\/users\/1"}],"replies":[{"embeddable":true,"href":"https:\/\/sipsl.webs.upv.es\/index.php\/wp-json\/wp\/v2\/comments?post=147"}],"version-history":[{"count":21,"href":"https:\/\/sipsl.webs.upv.es\/index.php\/wp-json\/wp\/v2\/pages\/147\/revisions"}],"predecessor-version":[{"id":1088,"href":"https:\/\/sipsl.webs.upv.es\/index.php\/wp-json\/wp\/v2\/pages\/147\/revisions\/1088"}],"wp:attachment":[{"href":"https:\/\/sipsl.webs.upv.es\/index.php\/wp-json\/wp\/v2\/media?parent=147"}],"curies":[{"name":"wp","href":"https:\/\/api.w.org\/{rel}","templated":true}]}}