{"id":116,"date":"2025-04-07T08:59:00","date_gmt":"2025-04-07T08:59:00","guid":{"rendered":"https:\/\/sipsl.webs.upv.es\/?page_id=116"},"modified":"2025-04-14T14:12:50","modified_gmt":"2025-04-14T14:12:50","slug":"politica","status":"publish","type":"page","link":"https:\/\/sipsl.webs.upv.es\/index.php\/politica\/","title":{"rendered":"Pol\u00edtica"},"content":{"rendered":"\n<h6 class=\"wp-block-heading has-text-color has-link-color wp-elements-5d7f6b21c86f8f2aafdc49b7de4984d4\" style=\"color:#d73333;margin-bottom:10px;font-size:clamp(14px, 0.875rem + ((1vw - 3.2px) * 0.313), 18px);\">Informaci\u00f3n institucional<\/h6>\n\n\n\n<h2 class=\"wp-block-heading\" style=\"margin-right:630px;font-size:clamp(18.959px, 1.185rem + ((1vw - 3.2px) * 0.863), 30px);line-height:1.2\">Pol\u00edtica en Prevenci\u00f3n de Riesgos<strong><br><\/strong>Laborales de la UPV<\/h2>\n\n\n\n<div class=\"wp-block-group alignwide has-global-padding is-content-justification-left is-layout-constrained wp-container-core-group-is-layout-a766e370 wp-block-group-is-layout-constrained\" style=\"margin-top:50px;margin-bottom:50px;padding-right:15.3%;padding-left:15.3%\">\n<div class=\"wp-block-group alignwide is-vertical is-layout-flex wp-container-core-group-is-layout-2d729e81 wp-block-group-is-layout-flex\">\n<p class=\"has-text-color has-link-color wp-elements-cc0ac20eee9ed6aaa36fe970642e3bf2 wp-container-content-9cfa9a5a\" style=\"color:#000000\">Consciente de la importancia que las condiciones de trabajo tienen sobre la seguridad y salud de los trabajadores y alumnos, la Universidad Polit\u00e9cnica de Valencia ha venido promoviendo diferentes iniciativas orientadas a su mejora.<\/p>\n\n\n\n<p class=\"has-text-color has-link-color wp-elements-1e39d794ca27db8d44e46a55546378cf\" style=\"color:#000000\">Continuando esta trayectoria y consciente de su responsabilidad social, la Universidad quiere seguir aportando los medios necesarios no s\u00f3lo para garantizar la seguridad de los miembros de la comunidad universitaria, sino tambi\u00e9n para mejorar de manera efectiva las condiciones en las que se desarrollan las actividades laborales, docentes y de investigaci\u00f3n, elevando as\u00ed el nivel de bienestar y satisfacci\u00f3n en el trabajo.<\/p>\n\n\n\n<p class=\"has-text-color has-link-color wp-elements-3ed288350afb8100b5693cd6bcfe84c9\" style=\"color:#000000\">Por otra parte, la Ley de Prevenci\u00f3n de Riesgos Laborales establece una serie de deberes y obligaciones que implican una planificaci\u00f3n de la prevenci\u00f3n dentro de un conjunto coherente de medidas que deben abarcar a todos los procesos y organizaci\u00f3n del trabajo.<\/p>\n\n\n\n<p class=\"has-text-color has-link-color wp-elements-c4f89564ac537ba89b8a609ab1f74522 wp-container-content-9cfa9a5a\" style=\"color:#000000\">Desde esta doble perspectiva, imperativo legal e inter\u00e9s por la mejora continua de las condiciones de trabajo, la Universidad Polit\u00e9cnica de Valencia asume la Pol\u00edtica de Prevenci\u00f3n de Riesgos Laborales que se transcribe a continuaci\u00f3n.<\/p>\n<\/div>\n\n\n\n<p class=\"has-text-color has-link-color wp-elements-2d167ff63b452ce83b6deb3ade3b3e85\" style=\"color:#000000;margin-top:50px;margin-bottom:20px;font-size:clamp(14px, 0.875rem + ((1vw - 3.2px) * 0.234), 17px);font-style:normal;font-weight:800\">POL\u00cdTICA DE PREVENCI\u00d3N DE RIESGOS LABORALES<\/p>\n\n\n\n<div class=\"wp-block-group alignwide is-vertical is-layout-flex wp-container-core-group-is-layout-4b827052 wp-block-group-is-layout-flex\">\n<p class=\"has-text-color has-link-color has-inter-font-family wp-elements-bb496a16742fe1b8d2e2b6828a2b68b0\" style=\"color:#000000;font-style:normal;font-weight:500\">La Pol\u00edtica de Prevenci\u00f3n de la Universidad Polit\u00e9cnica de Valencia tiene como objetivo la promoci\u00f3n de la mejora de las condiciones de trabajo, con el fin de elevar los niveles de la seguridad, salud y bienestar de los trabajadores y alumnos.<\/p>\n\n\n\n<p class=\"has-text-color has-link-color has-inter-font-family wp-elements-1587bb586dc81e253b88b652451dadbf\" style=\"color:#000000;font-style:normal;font-weight:500\"><strong>La responsabilidad<\/strong>&nbsp;en la gesti\u00f3n de la prevenci\u00f3n de Riesgos Laborales incumbe a toda la Universidad y, en consecuencia, el Rectorado, los \u00d3rganos de Gobierno y el resto de la Universidad asume el compromiso de incorporar la gesti\u00f3n preventiva en sus actividades cotidianas.<\/p>\n\n\n\n<p class=\"has-text-color has-link-color has-inter-font-family wp-elements-c848259239488a180f2713b786ff6b46\" style=\"color:#000000;font-style:normal;font-weight:500\"><strong>La mejora continua<\/strong>&nbsp;en la acci\u00f3n preventiva s\u00f3lo puede conseguirse mediante la informaci\u00f3n, consulta y participaci\u00f3n del personal, en todos los niveles y estamentos de la Universidad.<\/p>\n\n\n\n<p class=\"has-text-color has-link-color wp-elements-8c75bac29b474b3bf36aa57697e22d2f\" style=\"color:#000000\">De acuerdo con estos principios, la Universidad Polit\u00e9cnica de Valencia asume los siguientes compromisos:<\/p>\n\n\n\n<ol style=\"margin-top:0px;margin-right:0px;margin-bottom:0px;margin-left:0px;padding-top:10px;padding-bottom:0px\" class=\"wp-block-list\">\n<li class=\"has-text-color has-link-color wp-elements-c221707ce252a6e1e1d551974b189c5b\" style=\"color:#010000;margin-right:var(--wp--preset--spacing--40);margin-left:var(--wp--preset--spacing--40)\">Alcanzar un alto nivel de seguridad y salud en el trabajo, cumpliendo como m\u00ednimo la legislaci\u00f3n vigente en materia de Prevenci\u00f3n de Riesgos Laborales.<\/li>\n\n\n\n<li class=\"has-text-color has-link-color wp-elements-642b59ed31c4bb0928630115d428f39c\" style=\"color:#000000;margin-right:var(--wp--preset--spacing--40);margin-left:var(--wp--preset--spacing--40)\">Desarrollar, aplicar y mantener un modelo Gesti\u00f3n de la Prevenci\u00f3n destinado a la Mejora Continua de las Condiciones de Trabajo.<\/li>\n\n\n\n<li class=\"has-text-color has-link-color wp-elements-d41aad9dd369e3149df3b8d8ce759aed\" style=\"color:#000000;margin-right:var(--wp--preset--spacing--40);margin-left:var(--wp--preset--spacing--40)\">Integrar dicho sistema en la gesti\u00f3n de la Universidad, de manera que la prevenci\u00f3n se incorpore en todas las actividades que se desarrollan en la UPV con potencial incidencia sobre la seguridad, salud o bienestar de sus trabajadores y alumnos.<\/li>\n\n\n\n<li class=\"has-text-color has-link-color wp-elements-92cf81c141346dcec91876ca30ec124a\" style=\"color:#000000;margin-right:var(--wp--preset--spacing--40);margin-left:var(--wp--preset--spacing--40)\">Desarrollar, aplicar y mantener actualizados los Planes de Prevenci\u00f3n de todas nuestras actividades.<\/li>\n\n\n\n<li class=\"has-text-color has-link-color wp-elements-1a987a6bf414904e5306fede8aedaf74\" style=\"color:#000000;margin-right:var(--wp--preset--spacing--40);margin-left:var(--wp--preset--spacing--40)\">Garantizar la participaci\u00f3n e informaci\u00f3n de la comunidad universitaria y hacer efectivo el derecho de consulta de los trabajadores.<\/li>\n\n\n\n<li class=\"has-text-color has-link-color wp-elements-c8430653b78e1a36155bc3a2e7158d3b\" style=\"color:#000000;margin-right:var(--wp--preset--spacing--40);margin-left:var(--wp--preset--spacing--40)\">Desarrollar las actividades formativas necesarias para el desarrollo de la pol\u00edtica preventiva.<\/li>\n\n\n\n<li class=\"has-text-color has-link-color wp-elements-900886c10618baa31a3b4da8b734a585\" style=\"color:#000000;margin-right:var(--wp--preset--spacing--40);margin-left:var(--wp--preset--spacing--40)\">Integrar a nuestros suministradores, concesionarios y subcontratistas en el compromiso activo de la mejora de las condiciones de trabajo.<\/li>\n\n\n\n<li class=\"has-text-color has-link-color wp-elements-155c208aa80fdf0e86b43c115689dab1\" style=\"color:#000000;margin-right:var(--wp--preset--spacing--40);margin-left:var(--wp--preset--spacing--40)\">Realizar auditor\u00edas sistem\u00e1ticas, tanto internas como externas, que verifiquen el cumplimiento y efectividad de la pol\u00edtica preventiva.<\/li>\n\n\n\n<li class=\"has-text-color has-link-color wp-elements-76a25c2cf1ab3c4be27334b314d09ccd\" style=\"color:#000000;margin-right:var(--wp--preset--spacing--40);margin-left:var(--wp--preset--spacing--40)\">Dotar a la UPV de los medios humanos y materiales necesarios para desarrollar esta pol\u00edtica preventiva.<\/li>\n\n\n\n<li class=\"has-text-color has-link-color wp-elements-657cfc2daa005c7e4b204fafa71bf735\" style=\"color:#000000;margin-right:var(--wp--preset--spacing--40);margin-left:var(--wp--preset--spacing--40)\">Difundir esta pol\u00edtica entre todos los miembros de la comunidad universitaria.<\/li>\n<\/ol>\n<\/div>\n\n\n\n<p class=\"has-text-color has-link-color wp-elements-9bef73695a560029af26c02e89fa0eab\" style=\"color:#000000;padding-top:20px;padding-right:0;padding-bottom:20px;padding-left:0\"><em>(La Pol\u00edtica en Prevenci\u00f3n de Riesgos Laborales de la UPV fue aprobada en Junta de Gobierno de fecha 25 de noviembre de 1.999)<\/em><\/p>\n<\/div>\n\n\n\n<p><\/p>\n","protected":false},"excerpt":{"rendered":"<p>Informaci\u00f3n institucional Pol\u00edtica en Prevenci\u00f3n de RiesgosLaborales de la UPV Consciente de la importancia que las condiciones de trabajo tienen sobre la seguridad y salud de los trabajadores y alumnos, la Universidad Polit\u00e9cnica de Valencia ha venido promoviendo diferentes iniciativas orientadas a su mejora. Continuando esta trayectoria y consciente de su responsabilidad social, la Universidad [&hellip;]<\/p>\n","protected":false},"author":1,"featured_media":0,"parent":0,"menu_order":0,"comment_status":"closed","ping_status":"closed","template":"","meta":{"_eb_attr":"","om_disable_all_campaigns":false,"_monsterinsights_skip_tracking":false,"_monsterinsights_sitenote_active":false,"_monsterinsights_sitenote_note":"","_monsterinsights_sitenote_category":0,"footnotes":""},"class_list":["post-116","page","type-page","status-publish","hentry"],"aioseo_notices":[],"_links":{"self":[{"href":"https:\/\/sipsl.webs.upv.es\/index.php\/wp-json\/wp\/v2\/pages\/116","targetHints":{"allow":["GET"]}}],"collection":[{"href":"https:\/\/sipsl.webs.upv.es\/index.php\/wp-json\/wp\/v2\/pages"}],"about":[{"href":"https:\/\/sipsl.webs.upv.es\/index.php\/wp-json\/wp\/v2\/types\/page"}],"author":[{"embeddable":true,"href":"https:\/\/sipsl.webs.upv.es\/index.php\/wp-json\/wp\/v2\/users\/1"}],"replies":[{"embeddable":true,"href":"https:\/\/sipsl.webs.upv.es\/index.php\/wp-json\/wp\/v2\/comments?post=116"}],"version-history":[{"count":7,"href":"https:\/\/sipsl.webs.upv.es\/index.php\/wp-json\/wp\/v2\/pages\/116\/revisions"}],"predecessor-version":[{"id":573,"href":"https:\/\/sipsl.webs.upv.es\/index.php\/wp-json\/wp\/v2\/pages\/116\/revisions\/573"}],"wp:attachment":[{"href":"https:\/\/sipsl.webs.upv.es\/index.php\/wp-json\/wp\/v2\/media?parent=116"}],"curies":[{"name":"wp","href":"https:\/\/api.w.org\/{rel}","templated":true}]}}