{"id":1131,"date":"2025-04-15T12:53:36","date_gmt":"2025-04-15T12:53:36","guid":{"rendered":"https:\/\/sipsl.webs.upv.es\/?page_id=1131"},"modified":"2025-04-15T14:18:01","modified_gmt":"2025-04-15T14:18:01","slug":"cubiertas-procedimiento-de-acceso-para-personal-upv","status":"publish","type":"page","link":"https:\/\/sipsl.webs.upv.es\/index.php\/cubiertas-procedimiento-de-acceso-para-personal-upv\/","title":{"rendered":"Cubiertas &#8211; Procedimiento de Acceso para Personal UPV\u2028"},"content":{"rendered":"\n<h6 class=\"wp-block-heading alignwide has-text-color has-link-color wp-elements-6d1d41bb64565ee253126ab74c220925\" style=\"color:#d73333;margin-right:630px;margin-bottom:10px;padding-top:0;padding-right:0;padding-bottom:0;padding-left:0;font-size:clamp(14px, 0.875rem + ((1vw - 3.2px) * 0.313), 18px);font-style:normal;font-weight:400;line-height:1.2\">Documentaci\u00f3n T\u00e9cnica y Recursos<\/h6>\n\n\n\n<h2 class=\"wp-block-heading alignwide has-text-color has-link-color wp-elements-0ff67f7b7086e9d639312d4aa5a9c000\" style=\"color:#d73333;margin-right:630px;padding-top:0;padding-right:0;padding-bottom:0;padding-left:0;font-size:clamp(18.959px, 1.185rem + ((1vw - 3.2px) * 0.863), 30px);line-height:1.2\">Procedimiento de acceso a cubiertas<\/h2>\n\n\n\n<div class=\"wp-block-group alignwide has-foreground-color has-text-color has-link-color wp-elements-283baa6c75c0fbbedefd4333cffd88eb is-vertical is-content-justification-left is-layout-flex wp-container-core-group-is-layout-85d2ec51 wp-block-group-is-layout-flex\" style=\"min-height:100%;margin-top:50px;margin-bottom:50px;padding-right:15.3%;padding-left:15.3%\">\n<p class=\"has-text-color has-link-color wp-elements-ca2f1ab8c7ad08d457b9d48ba29ac7f0\" style=\"color:#000000;font-style:normal;font-weight:500\">Para acceder a las cubiertas de la UPV es necesario estar dados de alta en CARBO (aplicaci\u00f3n de control y registro de acceso a cubiertas).<\/p>\n\n\n\n<p class=\"has-text-color has-link-color wp-elements-7f54c74cacbcec7e837c2cdf0d48cdf6\" style=\"color:#000000;font-style:normal;font-weight:500\">Informaci\u00f3n riesgos y medidas preventivas junto con Instrucciones para el trabajo en cubierta y plano con la ubicaci\u00f3n y tipo de los sistemas antica\u00eddas disponible en:<\/p>\n\n\n\n<figure class=\"wp-block-embed is-type-wp-embed is-provider-incrustado wp-block-embed-incrustado\"><div class=\"wp-block-embed__wrapper\">\n<blockquote class=\"wp-embedded-content\" data-secret=\"aBvoIxa2Fw\"><a href=\"https:\/\/sipsl.webs.upv.es\/index.php\/cubiertas-edificios-upv\/\">Cubiertas Edificios UPV<\/a><\/blockquote><iframe loading=\"lazy\" class=\"wp-embedded-content\" sandbox=\"allow-scripts\" security=\"restricted\" style=\"position: absolute; visibility: hidden;\" title=\"\u00abCubiertas Edificios UPV\u00bb \u2014 \" src=\"https:\/\/sipsl.webs.upv.es\/index.php\/cubiertas-edificios-upv\/embed\/#?secret=ILJB6UkLl2#?secret=aBvoIxa2Fw\" data-secret=\"aBvoIxa2Fw\" width=\"500\" height=\"282\" frameborder=\"0\" marginwidth=\"0\" marginheight=\"0\" scrolling=\"no\"><\/iframe>\n<\/div><\/figure>\n\n\n\n<p class=\"has-text-color has-link-color wp-elements-4874cfc7e03d811df1beb287cebd852c\" style=\"color:#000000;font-style:normal;font-weight:500\">Los requisitos para estar de alta en CARBO son:<\/p>\n\n\n\n<ul class=\"wp-block-list\">\n<li style=\"margin-bottom:15px\">CUBIERTAS NIVEL DE ACCESO INDIVIDUAL: cubiertas con protecci\u00f3n perimetral, se puede acceder de manera individual. \n<ul class=\"wp-block-list\">\n<li style=\"margin-bottom:15px\"><strong>Formulario 100-08: Acuse de recibo de la informaci\u00f3n de riesgos y medidas. <\/strong>(Nombre y DNI en la columna de la izquierda y firma en la derecha).<\/li>\n\n\n\n<li style=\"margin-bottom:15px\"><strong>Formulario 100-28<\/strong>: Declaraci\u00f3n de compromiso (no acceder sin haber pasado antes por CARBO)<\/li>\n<\/ul>\n<\/li>\n\n\n\n<li>CUBIERTAS NIVEL DE ACCESO CONJUNTO: cubiertas donde la protecci\u00f3n s\u00f3lo est\u00e1 garantizada usando arn\u00e9s amarrado a los distintos sistemas antica\u00eddas instalados. El acceso se realizar\u00e1, al menos, por dos personas. Adem\u00e1s de los requisitos anteriores anterior (formularios 100-08 y 100-28)\n<ul class=\"wp-block-list\">\n<li><strong>Formaci\u00f3n te\u00f3rica y pr\u00e1ctica, para trabajos con riesgo de ca\u00edda en altura, de al menos 8 horas.<\/strong><\/li>\n\n\n\n<li><strong>Apto m\u00e9dico en vigor con protocolo de trabajos en altura.<\/strong><\/li>\n\n\n\n<li><strong>Registro de entrega de arn\u00e9s de seguridad.<\/strong><\/li>\n<\/ul>\n<\/li>\n<\/ul>\n\n\n\n<p class=\"has-text-color has-link-color wp-elements-6a4c4a95dd10baaae8085c5dc242d02f\" style=\"color:#000000;font-style:normal;font-weight:500\">El nivel de acceso de cada cubierta se puede consultar en:<\/p>\n\n\n\n<figure class=\"wp-block-embed is-type-wp-embed is-provider-incrustado wp-block-embed-incrustado\"><div class=\"wp-block-embed__wrapper\">\n<blockquote class=\"wp-embedded-content\" data-secret=\"lU4UQkUd2I\"><a href=\"https:\/\/sipsl.webs.upv.es\/index.php\/carbo-cubiertas-y-nivel-de-accesibilidad\/\">CARBO: Cubiertas y nivel de accesibilidad<\/a><\/blockquote><iframe loading=\"lazy\" class=\"wp-embedded-content\" sandbox=\"allow-scripts\" security=\"restricted\" style=\"position: absolute; visibility: hidden;\" title=\"\u00abCARBO: Cubiertas y nivel de accesibilidad\u00bb \u2014 \" src=\"https:\/\/sipsl.webs.upv.es\/index.php\/carbo-cubiertas-y-nivel-de-accesibilidad\/embed\/#?secret=jJ2hi4tA6I#?secret=lU4UQkUd2I\" data-secret=\"lU4UQkUd2I\" width=\"500\" height=\"282\" frameborder=\"0\" marginwidth=\"0\" marginheight=\"0\" scrolling=\"no\"><\/iframe>\n<\/div><\/figure>\n\n\n\n<p class=\"has-text-color has-link-color wp-elements-571abc3312a8a168e6dee3180f458584\" style=\"color:#000000;font-style:normal;font-weight:500\">Solicitud de acceso:<\/p>\n\n\n\n<p><a href=\"https:\/\/policonsulta.upv.es\/servicedesk\/customer\/portal\/694\">https:\/\/policonsulta.upv.es\/servicedesk\/customer\/portal\/694<\/a><\/p>\n<\/div>\n\n\n\n<p><\/p>\n","protected":false},"excerpt":{"rendered":"<p>Documentaci\u00f3n T\u00e9cnica y Recursos Procedimiento de acceso a cubiertas Para acceder a las cubiertas de la UPV es necesario estar dados de alta en CARBO (aplicaci\u00f3n de control y registro de acceso a cubiertas). Informaci\u00f3n riesgos y medidas preventivas junto con Instrucciones para el trabajo en cubierta y plano con la ubicaci\u00f3n y tipo de [&hellip;]<\/p>\n","protected":false},"author":1,"featured_media":0,"parent":0,"menu_order":0,"comment_status":"closed","ping_status":"closed","template":"","meta":{"_eb_attr":"","om_disable_all_campaigns":false,"_monsterinsights_skip_tracking":false,"_monsterinsights_sitenote_active":false,"_monsterinsights_sitenote_note":"","_monsterinsights_sitenote_category":0,"footnotes":""},"class_list":["post-1131","page","type-page","status-publish","hentry"],"aioseo_notices":[],"_links":{"self":[{"href":"https:\/\/sipsl.webs.upv.es\/index.php\/wp-json\/wp\/v2\/pages\/1131","targetHints":{"allow":["GET"]}}],"collection":[{"href":"https:\/\/sipsl.webs.upv.es\/index.php\/wp-json\/wp\/v2\/pages"}],"about":[{"href":"https:\/\/sipsl.webs.upv.es\/index.php\/wp-json\/wp\/v2\/types\/page"}],"author":[{"embeddable":true,"href":"https:\/\/sipsl.webs.upv.es\/index.php\/wp-json\/wp\/v2\/users\/1"}],"replies":[{"embeddable":true,"href":"https:\/\/sipsl.webs.upv.es\/index.php\/wp-json\/wp\/v2\/comments?post=1131"}],"version-history":[{"count":5,"href":"https:\/\/sipsl.webs.upv.es\/index.php\/wp-json\/wp\/v2\/pages\/1131\/revisions"}],"predecessor-version":[{"id":1163,"href":"https:\/\/sipsl.webs.upv.es\/index.php\/wp-json\/wp\/v2\/pages\/1131\/revisions\/1163"}],"wp:attachment":[{"href":"https:\/\/sipsl.webs.upv.es\/index.php\/wp-json\/wp\/v2\/media?parent=1131"}],"curies":[{"name":"wp","href":"https:\/\/api.w.org\/{rel}","templated":true}]}}