{"id":1108,"date":"2025-04-15T08:54:59","date_gmt":"2025-04-15T08:54:59","guid":{"rendered":"https:\/\/sipsl.webs.upv.es\/?page_id=1108"},"modified":"2025-04-15T15:05:45","modified_gmt":"2025-04-15T15:05:45","slug":"asistencia-medica","status":"publish","type":"page","link":"https:\/\/sipsl.webs.upv.es\/index.php\/asistencia-medica\/","title":{"rendered":"Asistencia M\u00e9dica"},"content":{"rendered":"\n<h6 class=\"wp-block-heading alignwide has-text-color has-link-color wp-elements-3d4c6e4ad6991309354a64a74646dfc4\" style=\"color:#d73333;margin-right:630px;margin-bottom:10px;padding-top:0;padding-right:0;padding-bottom:0;padding-left:0;font-size:clamp(14px, 0.875rem + ((1vw - 3.2px) * 0.313), 18px);font-style:normal;font-weight:400;line-height:1.2\">\u00c1REA SALUD \/ Centro de Salud Laboral Juana Portaceli \/ Servicios prestados<\/h6>\n\n\n\n<h2 class=\"wp-block-heading alignwide has-text-color has-link-color wp-elements-a2d1f18ffec213a3a18a0bb39f17602d\" style=\"color:#d73333;margin-right:630px;padding-top:0;padding-right:0;padding-bottom:0;padding-left:0;font-size:clamp(18.959px, 1.185rem + ((1vw - 3.2px) * 0.863), 30px);line-height:1.2\">Asistencia M\u00e9dica<\/h2>\n\n\n\n<div class=\"wp-block-group alignwide has-foreground-color has-text-color has-link-color wp-elements-a4574d797e8ed9172781f757c8e3acee is-vertical is-content-justification-left is-layout-flex wp-container-core-group-is-layout-0cce99b6 wp-block-group-is-layout-flex\" style=\"min-height:100%;margin-top:50px;margin-bottom:50px;padding-right:15.3%;padding-left:15.3%\">\n<p class=\"has-text-align-left has-text-color has-link-color wp-elements-4b0bbcc1af24d572bfdb8e074490c6cd\" style=\"color:#000000;font-style:normal;font-weight:500\">Asistencia de medicina general a toda la comunidad universitaria.<br>Prescripci\u00f3n de recetas y gestiones administrativas para la realizaci\u00f3n de interconsultas con los distintos especialistas, a los trabajadores de la UPV, en el marco del sistema sanitario p\u00fablico.<br>Atenci\u00f3n a las urgencias m\u00e9dicas y quir\u00fargicas que puedan solucionarse en el entorno de la asistencia primaria.<\/p>\n\n\n\n<div class=\"wp-block-columns is-layout-flex wp-container-core-columns-is-layout-c0dfa247 wp-block-columns-is-layout-flex\" style=\"padding-right:0px;padding-left:0px\">\n<div class=\"wp-block-column has-global-padding is-layout-constrained wp-block-column-is-layout-constrained\">\n<p class=\"has-text-align-left has-text-color has-link-color wp-elements-f15ecc43237106f0ffae0b00ec4e2e61\" style=\"color:#000000;font-style:normal;font-weight:700\">A qui\u00e9n va dirigido<\/p>\n\n\n\n<p class=\"has-text-color has-link-color wp-elements-85229dab35021e3538211e8e4e9126d2\" style=\"color:#000000\">Comunidad universitaria UPV<\/p>\n<\/div>\n<\/div>\n\n\n\n<div class=\"wp-block-columns is-layout-flex wp-container-core-columns-is-layout-c0dfa247 wp-block-columns-is-layout-flex\" style=\"padding-right:0px;padding-left:0px\">\n<div class=\"wp-block-column has-global-padding is-layout-constrained wp-block-column-is-layout-constrained\">\n<p class=\"has-text-align-left has-text-color has-link-color wp-elements-d1e94c7058f4105d00a4071ce6643b67\" style=\"color:#000000;font-style:normal;font-weight:700\">C\u00f3mo solicitarlo<\/p>\n\n\n\n<p class=\"has-text-align-left has-text-color has-link-color wp-elements-8bdcd730d311df2f6b9304b7ed33625d\" style=\"color:#000000;font-style:normal;font-weight:500\">Asistencia ordinaria: Cita previa a consulta m\u00e9dica a trav\u00e9s de la intranet y presencialmente en el centro de salud.<\/p>\n\n\n\n<p class=\"has-text-align-left has-text-color has-link-color wp-elements-739809695ee580ac225978fd0dfaa8a6\" style=\"color:#000000;font-style:normal;font-weight:500\">Asistencia urgente: telef\u00f3nicamente a la extensi\u00f3n 78888 (tel\u00e9fono de emergencias) y presencialmente en el centro de salud.<\/p>\n\n\n\n<p><a href=\"https:\/\/policonsulta.upv.es\/servicedesk\/customer\/portal\/694\">Solicitud de cita previa para consulta m\u00e9dica<\/a><\/p>\n<\/div>\n<\/div>\n\n\n\n<div class=\"wp-block-columns is-layout-flex wp-container-core-columns-is-layout-c0dfa247 wp-block-columns-is-layout-flex\" style=\"padding-right:0px;padding-left:0px\">\n<div class=\"wp-block-column has-global-padding is-layout-constrained wp-block-column-is-layout-constrained\">\n<p class=\"has-text-align-left has-text-color has-link-color wp-elements-cb758cead9ebb7482cf2dd67e8874d85\" style=\"color:#000000;font-style:normal;font-weight:700\"><strong>C\u00f3mo nos comunicamos contigo<\/strong><\/p>\n\n\n\n<ul style=\"color:#000000\" class=\"wp-block-list has-text-color has-link-color wp-elements-8d486185d5dc73bbfb3bcbb4a73503b3\">\n<li>Asistencia urgente en caso de accidente de trabajo: entrega al paciente de un Informe con sus datos y la asistencia m\u00e9dica prestada.<\/li>\n\n\n\n<li>En caso de derivaci\u00f3n a un centro asistencial especializado u hospital: entrega de un Informe al usuario.<\/li>\n<\/ul>\n<\/div>\n<\/div>\n\n\n\n<div class=\"wp-block-columns is-layout-flex wp-container-core-columns-is-layout-c0dfa247 wp-block-columns-is-layout-flex\" style=\"padding-right:0px;padding-left:0px\">\n<div class=\"wp-block-column has-global-padding is-layout-constrained wp-block-column-is-layout-constrained\">\n<p class=\"has-text-align-left has-text-color has-link-color wp-elements-aa098bfc4d2b4e2f423e228e35d10ced\" style=\"color:#000000;font-style:normal;font-weight:700\">Horario de atenci\u00f3n<\/p>\n\n\n\n<p class=\"has-text-align-left has-text-color has-link-color wp-elements-37ffa41bc342054c24ddf5e5c65cefd8\" style=\"color:#000000;font-style:normal;font-weight:500\">D\u00edas laborables de lunes a viernes de 08:30 a 14:30 horas y de 16:30 a 20:00 horas.<\/p>\n<\/div>\n<\/div>\n<\/div>\n","protected":false},"excerpt":{"rendered":"<p>\u00c1REA SALUD \/ Centro de Salud Laboral Juana Portaceli \/ Servicios prestados Asistencia M\u00e9dica Asistencia de medicina general a toda la comunidad universitaria.Prescripci\u00f3n de recetas y gestiones administrativas para la realizaci\u00f3n de interconsultas con los distintos especialistas, a los trabajadores de la UPV, en el marco del sistema sanitario p\u00fablico.Atenci\u00f3n a las urgencias m\u00e9dicas y [&hellip;]<\/p>\n","protected":false},"author":1,"featured_media":0,"parent":0,"menu_order":0,"comment_status":"closed","ping_status":"closed","template":"","meta":{"_eb_attr":"","om_disable_all_campaigns":false,"_monsterinsights_skip_tracking":false,"_monsterinsights_sitenote_active":false,"_monsterinsights_sitenote_note":"","_monsterinsights_sitenote_category":0,"footnotes":""},"class_list":["post-1108","page","type-page","status-publish","hentry"],"aioseo_notices":[],"_links":{"self":[{"href":"https:\/\/sipsl.webs.upv.es\/index.php\/wp-json\/wp\/v2\/pages\/1108","targetHints":{"allow":["GET"]}}],"collection":[{"href":"https:\/\/sipsl.webs.upv.es\/index.php\/wp-json\/wp\/v2\/pages"}],"about":[{"href":"https:\/\/sipsl.webs.upv.es\/index.php\/wp-json\/wp\/v2\/types\/page"}],"author":[{"embeddable":true,"href":"https:\/\/sipsl.webs.upv.es\/index.php\/wp-json\/wp\/v2\/users\/1"}],"replies":[{"embeddable":true,"href":"https:\/\/sipsl.webs.upv.es\/index.php\/wp-json\/wp\/v2\/comments?post=1108"}],"version-history":[{"count":7,"href":"https:\/\/sipsl.webs.upv.es\/index.php\/wp-json\/wp\/v2\/pages\/1108\/revisions"}],"predecessor-version":[{"id":1196,"href":"https:\/\/sipsl.webs.upv.es\/index.php\/wp-json\/wp\/v2\/pages\/1108\/revisions\/1196"}],"wp:attachment":[{"href":"https:\/\/sipsl.webs.upv.es\/index.php\/wp-json\/wp\/v2\/media?parent=1108"}],"curies":[{"name":"wp","href":"https:\/\/api.w.org\/{rel}","templated":true}]}}